{"id":3270,"date":"2020-12-21T15:15:33","date_gmt":"2020-12-21T14:15:33","guid":{"rendered":"http:\/\/37217.web.zcom.it\/sponsoring\/"},"modified":"2021-12-13T14:26:45","modified_gmt":"2021-12-13T13:26:45","slug":"sponsor","status":"publish","type":"page","link":"https:\/\/www.elpo.eu\/it\/azienda-elpo\/sponsor\/","title":{"rendered":"Sponsor"},"content":{"rendered":"<p><div class=\"fusion-fullwidth fullwidth-box fusion-builder-row-1 fusion-flex-container fusion-parallax-none nonhundred-percent-fullwidth non-hundred-percent-height-scrolling lazyload\" style=\"--awb-border-radius-top-left:0px;--awb-border-radius-top-right:0px;--awb-border-radius-bottom-right:0px;--awb-border-radius-bottom-left:0px;--awb-padding-bottom:8%;--awb-padding-top-small:12%;--awb-margin-top:-70px;--awb-background-size:cover;--awb-flex-wrap:wrap;\" data-bg=\"http:\/\/37217.web.zcom.it\/wp-content\/uploads\/2020\/12\/sponsoring-bckgr.jpg\" ><div class=\"fusion-builder-row fusion-row fusion-flex-align-items-stretch fusion-flex-content-wrap\" style=\"max-width:1320px;margin-left: calc(-10% \/ 2 );margin-right: calc(-10% \/ 2 );\"><div class=\"fusion-layout-column fusion_builder_column fusion-builder-column-0 fusion_builder_column_1_3 1_3 fusion-flex-column\" style=\"--awb-padding-top:20%;--awb-padding-bottom:16%;--awb-padding-top-medium:40px;--awb-padding-bottom-medium:0px;--awb-padding-top-small:35px;--awb-padding-bottom-small:35px;--awb-bg-size:cover;--awb-width-large:33.333333333333%;--awb-margin-top-large:0px;--awb-spacing-right-large:13.5%;--awb-margin-bottom-large:0px;--awb-spacing-left-large:13.5%;--awb-width-medium:33.333333333333%;--awb-order-medium:1;--awb-spacing-right-medium:10px;--awb-spacing-left-medium:13.5%;--awb-width-small:100%;--awb-order-small:1;--awb-spacing-right-small:4.5%;--awb-spacing-left-small:4.5%;\"><div class=\"fusion-column-wrapper fusion-column-has-shadow fusion-flex-justify-content-center fusion-content-layout-column\"><div class=\"fusion-separator fusion-full-width-sep\" style=\"align-self: center;margin-left: auto;margin-right: auto;margin-top:5px;margin-bottom:5px;width:100%;\"><div class=\"fusion-separator-border sep-double\" style=\"--awb-height:20px;--awb-amount:20px;border-color:#e2e2e2;border-top-width:1px;border-bottom-width:1px;\"><\/div><\/div><div class=\"fusion-text fusion-text-1\"><h6><span style=\"color: #ffffff;\">Impegno sociale<\/span><\/h6>\n<\/div><div class=\"fusion-text fusion-text-2\"><h1><span style=\"color: #ffffff;\">Sponsor<\/span><\/h1>\n<\/div><div class=\"fusion-text fusion-text-3\"><p><span style=\"color: #ffffff;\"><a style=\"color: #ffffff;\">Come sponsor, Elpo<\/a> \u00e8 sempre stata socialmente impegnata e ama sostenere le associazioni locali, le istituzioni sociali e culturali.<\/span><\/p>\n<\/div><div class=\"fusion-separator fusion-full-width-sep\" style=\"align-self: center;margin-left: auto;margin-right: auto;margin-top:8px;margin-bottom:8px;width:100%;\"><div class=\"fusion-separator-border sep-double\" style=\"--awb-height:20px;--awb-amount:20px;border-color:#e2e2e2;border-top-width:1px;border-bottom-width:1px;\"><\/div><\/div><\/div><\/div><\/div><\/div><div class=\"fusion-fullwidth fullwidth-box fusion-builder-row-2 fusion-flex-container nonhundred-percent-fullwidth non-hundred-percent-height-scrolling fusion-animated\" style=\"--awb-border-radius-top-left:0px;--awb-border-radius-top-right:0px;--awb-border-radius-bottom-right:0px;--awb-border-radius-bottom-left:0px;--awb-padding-top:6%;--awb-padding-bottom:3%;--awb-background-color:rgba(255,255,255,0.29);--awb-flex-wrap:wrap;\" data-animationType=\"fadeInUp\" data-animationDuration=\"0.8\" data-animationOffset=\"top-into-view\" ><div class=\"fusion-builder-row fusion-row fusion-flex-align-items-flex-start fusion-flex-content-wrap\" style=\"max-width:1248px;margin-left: calc(-4% \/ 2 );margin-right: calc(-4% \/ 2 );\"><div class=\"fusion-layout-column fusion_builder_column fusion-builder-column-1 fusion_builder_column_1_2 1_2 fusion-flex-column fusion-flex-align-self-center\" style=\"--awb-overflow:hidden;--awb-bg-size:cover;--awb-border-radius:4px 4px 90px 4px;--awb-width-large:50%;--awb-margin-top-large:0px;--awb-spacing-right-large:3.84%;--awb-margin-bottom-large:20px;--awb-spacing-left-large:3.84%;--awb-width-medium:50%;--awb-order-medium:0;--awb-spacing-right-medium:3.84%;--awb-spacing-left-medium:3.84%;--awb-width-small:100%;--awb-order-small:0;--awb-spacing-right-small:1.92%;--awb-spacing-left-small:1.92%;\"><div class=\"fusion-column-wrapper fusion-column-has-shadow fusion-flex-justify-content-center fusion-content-layout-column\"><div class=\"fusion-image-element \" style=\"--awb-caption-title-font-family:var(--h2_typography-font-family);--awb-caption-title-font-weight:var(--h2_typography-font-weight);--awb-caption-title-font-style:var(--h2_typography-font-style);--awb-caption-title-size:var(--h2_typography-font-size);--awb-caption-title-transform:var(--h2_typography-text-transform);--awb-caption-title-line-height:var(--h2_typography-line-height);--awb-caption-title-letter-spacing:var(--h2_typography-letter-spacing);\"><span class=\" fusion-imageframe imageframe-none imageframe-1 hover-type-none\"><img fetchpriority=\"high\" fetchpriority=\"high\" decoding=\"async\" width=\"1901\" height=\"950\" alt=\"Sponsor\" title=\"hcpustertal\" src=\"https:\/\/www.elpo.eu\/wp-content\/uploads\/2020\/12\/hcpustertal.png\" data-orig-src=\"https:\/\/www.elpo.eu\/wp-content\/uploads\/2020\/12\/hcpustertal.png\" class=\"lazyload img-responsive wp-image-2091\" srcset=\"data:image\/svg+xml,%3Csvg%20xmlns%3D%27http%3A%2F%2Fwww.w3.org%2F2000%2Fsvg%27%20width%3D%271901%27%20height%3D%27950%27%20viewBox%3D%270%200%201901%20950%27%3E%3Crect%20width%3D%271901%27%20height%3D%27950%27%20fill-opacity%3D%220%22%2F%3E%3C%2Fsvg%3E\" data-srcset=\"https:\/\/www.elpo.eu\/wp-content\/uploads\/2020\/12\/hcpustertal-200x100.png 200w, https:\/\/www.elpo.eu\/wp-content\/uploads\/2020\/12\/hcpustertal-400x200.png 400w, https:\/\/www.elpo.eu\/wp-content\/uploads\/2020\/12\/hcpustertal-600x300.png 600w, https:\/\/www.elpo.eu\/wp-content\/uploads\/2020\/12\/hcpustertal-800x400.png 800w, https:\/\/www.elpo.eu\/wp-content\/uploads\/2020\/12\/hcpustertal-1200x600.png 1200w, https:\/\/www.elpo.eu\/wp-content\/uploads\/2020\/12\/hcpustertal.png 1901w\" data-sizes=\"auto\" data-orig-sizes=\"(max-width: 640px) 100vw, 600px\" \/><\/span><\/div><\/div><\/div><div class=\"fusion-layout-column fusion_builder_column fusion-builder-column-2 fusion_builder_column_1_2 1_2 fusion-flex-column fusion-flex-align-self-center\" style=\"--awb-bg-size:cover;--awb-width-large:50%;--awb-margin-top-large:0px;--awb-spacing-right-large:3.84%;--awb-margin-bottom-large:20px;--awb-spacing-left-large:3.84%;--awb-width-medium:50%;--awb-order-medium:0;--awb-spacing-right-medium:3.84%;--awb-spacing-left-medium:3.84%;--awb-width-small:100%;--awb-order-small:0;--awb-spacing-right-small:1.92%;--awb-spacing-left-small:1.92%;\"><div class=\"fusion-column-wrapper fusion-column-has-shadow fusion-flex-justify-content-center fusion-content-layout-column\"><div class=\"fusion-text fusion-text-4\"><h2 style=\"text-align: left;\"><span style=\"color: #0270ad;\">HC Pustertal Junior<\/span><\/h2>\n<\/div><div class=\"fusion-text fusion-text-5\"><p>Elpo \u00e8 lo sponsor ufficiale dell&#8217;Hockey Club Pustertal Junior.<\/p>\n<p>L&#8217;obiettivo \u00e8 quello di fornire un ambiente gestito professionalmente per imparare l&#8217;hockey su ghiaccio, lo sport pi\u00f9 veloce del mondo.<\/p>\n<p>Robert Pohlin &#8211; Presidente di Elpo &#8211; ha spiegato la sua iniziativa:<\/p>\n<p>&#8220;Il fattore decisivo per me \u00e8 stato l&#8217;aspetto sociale, perch\u00e9 questo significa offrire a 200 bambini un&#8217;attivit\u00e0 significativa al di fuori della scuola e toglierli &#8220;dalla strada&#8221;, per cos\u00ec dire&#8221;.<\/p>\n<p>Ogni anno pi\u00f9 di 200 bambini e giovani (dai 5 ai 20 anni) si allenano presso il club di hockey su ghiaccio Junior della Val Pusteria a Brunico (Alto Adige).<\/p>\n<p><a href=\"http:\/\/hcpustertaljunior.com\/\">HC PUSTERTAL JUNIOR &#8211; La squadra giovanile dell&#8217;HC Pusteria<\/a><\/p>\n<\/div><\/div><\/div><div class=\"fusion-layout-column fusion_builder_column fusion-builder-column-3 fusion_builder_column_1_1 1_1 fusion-flex-column\" style=\"--awb-bg-size:cover;--awb-width-large:100%;--awb-margin-top-large:0px;--awb-spacing-right-large:1.92%;--awb-margin-bottom-large:20px;--awb-spacing-left-large:1.92%;--awb-width-medium:100%;--awb-order-medium:0;--awb-spacing-right-medium:1.92%;--awb-spacing-left-medium:1.92%;--awb-width-small:100%;--awb-order-small:0;--awb-spacing-right-small:1.92%;--awb-spacing-left-small:1.92%;\"><div class=\"fusion-column-wrapper fusion-column-has-shadow fusion-flex-justify-content-flex-start fusion-content-layout-column\"><div class=\"fusion-separator fusion-full-width-sep\" style=\"align-self: center;margin-left: auto;margin-right: auto;margin-top:4%;width:100%;\"><div class=\"fusion-separator-border sep-single sep-solid\" style=\"--awb-height:20px;--awb-amount:20px;border-color:#e2e2e2;border-top-width:1px;\"><\/div><\/div><\/div><\/div><\/div><\/div><div class=\"fusion-fullwidth fullwidth-box fusion-builder-row-3 fusion-flex-container nonhundred-percent-fullwidth non-hundred-percent-height-scrolling fusion-animated\" style=\"--awb-border-radius-top-left:0px;--awb-border-radius-top-right:0px;--awb-border-radius-bottom-right:0px;--awb-border-radius-bottom-left:0px;--awb-padding-top:6%;--awb-padding-bottom:3%;--awb-flex-wrap:wrap;\" data-animationType=\"fadeInUp\" data-animationDuration=\"0.7\" data-animationOffset=\"top-into-view\" ><div class=\"fusion-builder-row fusion-row fusion-flex-align-items-flex-start fusion-flex-content-wrap\" style=\"max-width:1248px;margin-left: calc(-4% \/ 2 );margin-right: calc(-4% \/ 2 );\"><div class=\"fusion-layout-column fusion_builder_column fusion-builder-column-4 fusion_builder_column_1_2 1_2 fusion-flex-column fusion-flex-align-self-center\" style=\"--awb-bg-size:cover;--awb-width-large:50%;--awb-margin-top-large:0px;--awb-spacing-right-large:3.84%;--awb-margin-bottom-large:20px;--awb-spacing-left-large:3.84%;--awb-width-medium:50%;--awb-order-medium:0;--awb-spacing-right-medium:3.84%;--awb-spacing-left-medium:3.84%;--awb-width-small:100%;--awb-order-small:0;--awb-spacing-right-small:1.92%;--awb-spacing-left-small:1.92%;\"><div class=\"fusion-column-wrapper fusion-column-has-shadow fusion-flex-justify-content-center fusion-content-layout-column\"><div class=\"fusion-text fusion-text-6\"><h2 style=\"text-align: left;\"><span style=\"color: #0270ad;\">Teatro comunale di Brunico<\/span><\/h2>\n<\/div><div class=\"fusion-text fusion-text-7\"><p>Sponsorizzazione della cultura @stadttheater.bruneck<\/p>\n<p>Condividiamo una storia comune con lo Stadttheater di Brunico, perch\u00e9 lo Stadttheater si trova nella vecchia sede aziendale di Elpo.<\/p>\n<p>Dove un tempo i quadri elettrici erano cablati e il materiale era conservato nel magazzino, il teatro \u00e8 stato vissuto, prodotto e messo in scena per molti anni.<\/p>\n<p>Robert Pohlin &#8211; Presidente di Elpo &#8211; ha spiegato la sua iniziativa: &#8220;Il Teatro Comunale appartiene a Brunico e sono lieto di contribuire all&#8217;esistenza di questa speciale istituzione culturale!<\/p>\n<p><a href=\"https:\/\/stadttheater.eu\/forderer-sponsoren\/\">Patrons &amp; Sponsor | Teatro comunale di Brunico<\/a><\/p>\n<\/div><\/div><\/div><div class=\"fusion-layout-column fusion_builder_column fusion-builder-column-5 fusion_builder_column_1_2 1_2 fusion-flex-column fusion-flex-align-self-center\" style=\"--awb-overflow:hidden;--awb-bg-size:cover;--awb-border-radius:4px 4px 4px 90px;--awb-width-large:50%;--awb-margin-top-large:0px;--awb-spacing-right-large:3.84%;--awb-margin-bottom-large:20px;--awb-spacing-left-large:3.84%;--awb-width-medium:50%;--awb-order-medium:0;--awb-spacing-right-medium:3.84%;--awb-spacing-left-medium:3.84%;--awb-width-small:100%;--awb-order-small:0;--awb-spacing-right-small:1.92%;--awb-spacing-left-small:1.92%;\"><div class=\"fusion-column-wrapper fusion-column-has-shadow fusion-flex-justify-content-center fusion-content-layout-column\"><div class=\"fusion-image-element \" style=\"--awb-caption-title-font-family:var(--h2_typography-font-family);--awb-caption-title-font-weight:var(--h2_typography-font-weight);--awb-caption-title-font-style:var(--h2_typography-font-style);--awb-caption-title-size:var(--h2_typography-font-size);--awb-caption-title-transform:var(--h2_typography-text-transform);--awb-caption-title-line-height:var(--h2_typography-line-height);--awb-caption-title-letter-spacing:var(--h2_typography-letter-spacing);\"><span class=\" fusion-imageframe imageframe-none imageframe-2 hover-type-none\"><img loading=\"lazy\" decoding=\"async\" width=\"298\" height=\"200\" alt=\"Sponsor\" title=\"mobile-logo@2x\" src=\"https:\/\/www.elpo.eu\/wp-content\/uploads\/2020\/12\/mobile-logo@2x.png\" data-orig-src=\"https:\/\/www.elpo.eu\/wp-content\/uploads\/2020\/12\/mobile-logo@2x.png\" class=\"lazyload img-responsive wp-image-1699\" srcset=\"data:image\/svg+xml,%3Csvg%20xmlns%3D%27http%3A%2F%2Fwww.w3.org%2F2000%2Fsvg%27%20width%3D%27298%27%20height%3D%27200%27%20viewBox%3D%270%200%20298%20200%27%3E%3Crect%20width%3D%27298%27%20height%3D%27200%27%20fill-opacity%3D%220%22%2F%3E%3C%2Fsvg%3E\" data-srcset=\"https:\/\/www.elpo.eu\/wp-content\/uploads\/2020\/12\/mobile-logo@2x-200x134.png 200w, https:\/\/www.elpo.eu\/wp-content\/uploads\/2020\/12\/mobile-logo@2x.png 298w\" data-sizes=\"auto\" data-orig-sizes=\"(max-width: 640px) 100vw, 298px\" \/><\/span><\/div><div class=\"fusion-image-element \" style=\"--awb-caption-title-font-family:var(--h2_typography-font-family);--awb-caption-title-font-weight:var(--h2_typography-font-weight);--awb-caption-title-font-style:var(--h2_typography-font-style);--awb-caption-title-size:var(--h2_typography-font-size);--awb-caption-title-transform:var(--h2_typography-text-transform);--awb-caption-title-line-height:var(--h2_typography-line-height);--awb-caption-title-letter-spacing:var(--h2_typography-letter-spacing);\"><span class=\" fusion-imageframe imageframe-none imageframe-3 hover-type-none\"><img loading=\"lazy\" decoding=\"async\" width=\"1920\" height=\"1280\" alt=\"Sponsor\" title=\"theater\" src=\"https:\/\/www.elpo.eu\/wp-content\/uploads\/2020\/12\/theater.png\" data-orig-src=\"https:\/\/www.elpo.eu\/wp-content\/uploads\/2020\/12\/theater.png\" class=\"lazyload img-responsive wp-image-2093\" srcset=\"data:image\/svg+xml,%3Csvg%20xmlns%3D%27http%3A%2F%2Fwww.w3.org%2F2000%2Fsvg%27%20width%3D%271920%27%20height%3D%271280%27%20viewBox%3D%270%200%201920%201280%27%3E%3Crect%20width%3D%271920%27%20height%3D%271280%27%20fill-opacity%3D%220%22%2F%3E%3C%2Fsvg%3E\" data-srcset=\"https:\/\/www.elpo.eu\/wp-content\/uploads\/2020\/12\/theater-200x133.png 200w, https:\/\/www.elpo.eu\/wp-content\/uploads\/2020\/12\/theater-400x267.png 400w, https:\/\/www.elpo.eu\/wp-content\/uploads\/2020\/12\/theater-600x400.png 600w, https:\/\/www.elpo.eu\/wp-content\/uploads\/2020\/12\/theater-800x533.png 800w, https:\/\/www.elpo.eu\/wp-content\/uploads\/2020\/12\/theater-1200x800.png 1200w, https:\/\/www.elpo.eu\/wp-content\/uploads\/2020\/12\/theater.png 1920w\" data-sizes=\"auto\" data-orig-sizes=\"(max-width: 640px) 100vw, 600px\" \/><\/span><\/div><\/div><\/div><\/div><\/div><\/p>\n","protected":false},"excerpt":{"rendered":"","protected":false},"author":10,"featured_media":0,"parent":3302,"menu_order":64,"comment_status":"closed","ping_status":"closed","template":"100-width.php","meta":{"footnotes":""},"class_list":["post-3270","page","type-page","status-publish","hentry"],"pp_statuses_selecting_workflow":false,"pp_workflow_action":"current","pp_status_selection":"publish","yoast_head":"<!-- This site is optimized with the Yoast SEO plugin v27.3 - https:\/\/yoast.com\/product\/yoast-seo-wordpress\/ -->\n<title>Sponsor - Elpo \u00b7 Ihr Elektrotechniker in Bruneck \u00b7 S\u00fcdtirol<\/title>\n<meta name=\"description\" content=\"Come sponsor, Elpo \u00e8 sempre stata socialmente impegnata e ama sostenere le associazioni locali, le istituzioni sociali e culturali.\" \/>\n<meta name=\"robots\" content=\"index, follow, max-snippet:-1, max-image-preview:large, max-video-preview:-1\" \/>\n<link rel=\"canonical\" href=\"https:\/\/www.elpo.eu\/it\/azienda-elpo\/sponsor\/\" \/>\n<meta property=\"og:locale\" content=\"it_IT\" \/>\n<meta property=\"og:type\" content=\"article\" \/>\n<meta property=\"og:title\" content=\"Sponsor - Elpo \u00b7 Ihr Elektrotechniker in Bruneck \u00b7 S\u00fcdtirol\" \/>\n<meta property=\"og:description\" content=\"Come sponsor, Elpo \u00e8 sempre stata socialmente impegnata e ama sostenere le associazioni locali, le istituzioni sociali e culturali.\" \/>\n<meta property=\"og:url\" content=\"https:\/\/www.elpo.eu\/it\/azienda-elpo\/sponsor\/\" \/>\n<meta property=\"og:site_name\" content=\"Elpo \u00b7 Ihr Elektrotechniker in Bruneck \u00b7 S\u00fcdtirol\" \/>\n<meta property=\"article:publisher\" content=\"https:\/\/www.facebook.com\/elpo.gmbh\" \/>\n<meta property=\"article:modified_time\" content=\"2021-12-13T13:26:45+00:00\" \/>\n<meta name=\"twitter:card\" content=\"summary_large_image\" \/>\n<meta name=\"twitter:label1\" content=\"Tempo di lettura stimato\" \/>\n\t<meta name=\"twitter:data1\" content=\"18 minuti\" \/>\n<script type=\"application\/ld+json\" class=\"yoast-schema-graph\">{\"@context\":\"https:\\\/\\\/schema.org\",\"@graph\":[{\"@type\":\"WebPage\",\"@id\":\"https:\\\/\\\/www.elpo.eu\\\/it\\\/azienda-elpo\\\/sponsor\\\/\",\"url\":\"https:\\\/\\\/www.elpo.eu\\\/it\\\/azienda-elpo\\\/sponsor\\\/\",\"name\":\"Sponsor - Elpo \u00b7 Ihr Elektrotechniker in Bruneck \u00b7 S\u00fcdtirol\",\"isPartOf\":{\"@id\":\"https:\\\/\\\/www.elpo.eu\\\/it\\\/#website\"},\"datePublished\":\"2020-12-21T14:15:33+00:00\",\"dateModified\":\"2021-12-13T13:26:45+00:00\",\"description\":\"Come sponsor, Elpo \u00e8 sempre stata socialmente impegnata e ama sostenere le associazioni locali, le istituzioni sociali e culturali.\",\"breadcrumb\":{\"@id\":\"https:\\\/\\\/www.elpo.eu\\\/it\\\/azienda-elpo\\\/sponsor\\\/#breadcrumb\"},\"inLanguage\":\"it-IT\",\"potentialAction\":[{\"@type\":\"ReadAction\",\"target\":[\"https:\\\/\\\/www.elpo.eu\\\/it\\\/azienda-elpo\\\/sponsor\\\/\"]}]},{\"@type\":\"BreadcrumbList\",\"@id\":\"https:\\\/\\\/www.elpo.eu\\\/it\\\/azienda-elpo\\\/sponsor\\\/#breadcrumb\",\"itemListElement\":[{\"@type\":\"ListItem\",\"position\":1,\"name\":\"Home\",\"item\":\"https:\\\/\\\/www.elpo.eu\\\/it\\\/\"},{\"@type\":\"ListItem\",\"position\":2,\"name\":\"Profilo dell&#8217;azienda\",\"item\":\"https:\\\/\\\/www.elpo.eu\\\/it\\\/azienda-elpo\\\/\"},{\"@type\":\"ListItem\",\"position\":3,\"name\":\"Sponsor\"}]},{\"@type\":\"WebSite\",\"@id\":\"https:\\\/\\\/www.elpo.eu\\\/it\\\/#website\",\"url\":\"https:\\\/\\\/www.elpo.eu\\\/it\\\/\",\"name\":\"Elpo \u00b7 Ihr Elektrotechniker in Bruneck \u00b7 S\u00fcdtirol\",\"description\":\"Elektrotechnik \u00b7 Elektriker \u00b7 Green Energy \u00b7 Automation \u00b7 Photovoltaik \u00b7 Service \u00b7 Fachhandel\",\"potentialAction\":[{\"@type\":\"SearchAction\",\"target\":{\"@type\":\"EntryPoint\",\"urlTemplate\":\"https:\\\/\\\/www.elpo.eu\\\/it\\\/?s={search_term_string}\"},\"query-input\":{\"@type\":\"PropertyValueSpecification\",\"valueRequired\":true,\"valueName\":\"search_term_string\"}}],\"inLanguage\":\"it-IT\"}]}<\/script>\n<!-- \/ Yoast SEO plugin. -->","yoast_head_json":{"title":"Sponsor - Elpo \u00b7 Ihr Elektrotechniker in Bruneck \u00b7 S\u00fcdtirol","description":"Come sponsor, Elpo \u00e8 sempre stata socialmente impegnata e ama sostenere le associazioni locali, le istituzioni sociali e culturali.","robots":{"index":"index","follow":"follow","max-snippet":"max-snippet:-1","max-image-preview":"max-image-preview:large","max-video-preview":"max-video-preview:-1"},"canonical":"https:\/\/www.elpo.eu\/it\/azienda-elpo\/sponsor\/","og_locale":"it_IT","og_type":"article","og_title":"Sponsor - Elpo \u00b7 Ihr Elektrotechniker in Bruneck \u00b7 S\u00fcdtirol","og_description":"Come sponsor, Elpo \u00e8 sempre stata socialmente impegnata e ama sostenere le associazioni locali, le istituzioni sociali e culturali.","og_url":"https:\/\/www.elpo.eu\/it\/azienda-elpo\/sponsor\/","og_site_name":"Elpo \u00b7 Ihr Elektrotechniker in Bruneck \u00b7 S\u00fcdtirol","article_publisher":"https:\/\/www.facebook.com\/elpo.gmbh","article_modified_time":"2021-12-13T13:26:45+00:00","twitter_card":"summary_large_image","twitter_misc":{"Tempo di lettura stimato":"18 minuti"},"schema":{"@context":"https:\/\/schema.org","@graph":[{"@type":"WebPage","@id":"https:\/\/www.elpo.eu\/it\/azienda-elpo\/sponsor\/","url":"https:\/\/www.elpo.eu\/it\/azienda-elpo\/sponsor\/","name":"Sponsor - Elpo \u00b7 Ihr Elektrotechniker in Bruneck \u00b7 S\u00fcdtirol","isPartOf":{"@id":"https:\/\/www.elpo.eu\/it\/#website"},"datePublished":"2020-12-21T14:15:33+00:00","dateModified":"2021-12-13T13:26:45+00:00","description":"Come sponsor, Elpo \u00e8 sempre stata socialmente impegnata e ama sostenere le associazioni locali, le istituzioni sociali e culturali.","breadcrumb":{"@id":"https:\/\/www.elpo.eu\/it\/azienda-elpo\/sponsor\/#breadcrumb"},"inLanguage":"it-IT","potentialAction":[{"@type":"ReadAction","target":["https:\/\/www.elpo.eu\/it\/azienda-elpo\/sponsor\/"]}]},{"@type":"BreadcrumbList","@id":"https:\/\/www.elpo.eu\/it\/azienda-elpo\/sponsor\/#breadcrumb","itemListElement":[{"@type":"ListItem","position":1,"name":"Home","item":"https:\/\/www.elpo.eu\/it\/"},{"@type":"ListItem","position":2,"name":"Profilo dell&#8217;azienda","item":"https:\/\/www.elpo.eu\/it\/azienda-elpo\/"},{"@type":"ListItem","position":3,"name":"Sponsor"}]},{"@type":"WebSite","@id":"https:\/\/www.elpo.eu\/it\/#website","url":"https:\/\/www.elpo.eu\/it\/","name":"Elpo \u00b7 Ihr Elektrotechniker in Bruneck \u00b7 S\u00fcdtirol","description":"Elektrotechnik \u00b7 Elektriker \u00b7 Green Energy \u00b7 Automation \u00b7 Photovoltaik \u00b7 Service \u00b7 Fachhandel","potentialAction":[{"@type":"SearchAction","target":{"@type":"EntryPoint","urlTemplate":"https:\/\/www.elpo.eu\/it\/?s={search_term_string}"},"query-input":{"@type":"PropertyValueSpecification","valueRequired":true,"valueName":"search_term_string"}}],"inLanguage":"it-IT"}]}},"_links":{"self":[{"href":"https:\/\/www.elpo.eu\/it\/wp-json\/wp\/v2\/pages\/3270","targetHints":{"allow":["GET"]}}],"collection":[{"href":"https:\/\/www.elpo.eu\/it\/wp-json\/wp\/v2\/pages"}],"about":[{"href":"https:\/\/www.elpo.eu\/it\/wp-json\/wp\/v2\/types\/page"}],"author":[{"embeddable":true,"href":"https:\/\/www.elpo.eu\/it\/wp-json\/wp\/v2\/users\/10"}],"replies":[{"embeddable":true,"href":"https:\/\/www.elpo.eu\/it\/wp-json\/wp\/v2\/comments?post=3270"}],"version-history":[{"count":3,"href":"https:\/\/www.elpo.eu\/it\/wp-json\/wp\/v2\/pages\/3270\/revisions"}],"predecessor-version":[{"id":3961,"href":"https:\/\/www.elpo.eu\/it\/wp-json\/wp\/v2\/pages\/3270\/revisions\/3961"}],"up":[{"embeddable":true,"href":"https:\/\/www.elpo.eu\/it\/wp-json\/wp\/v2\/pages\/3302"}],"wp:attachment":[{"href":"https:\/\/www.elpo.eu\/it\/wp-json\/wp\/v2\/media?parent=3270"}],"curies":[{"name":"wp","href":"https:\/\/api.w.org\/{rel}","templated":true}]}}