{"id":3276,"date":"2020-12-21T11:09:27","date_gmt":"2020-12-21T10:09:27","guid":{"rendered":"http:\/\/37217.web.zcom.it\/ethikkodex\/"},"modified":"2021-05-14T14:36:38","modified_gmt":"2021-05-14T12:36:38","slug":"codice-etico","status":"publish","type":"page","link":"https:\/\/www.elpo.eu\/it\/azienda-elpo\/codice-etico\/","title":{"rendered":"Codice etico"},"content":{"rendered":"<p><div class=\"fusion-fullwidth fullwidth-box fusion-builder-row-1 fusion-flex-container nonhundred-percent-fullwidth non-hundred-percent-height-scrolling\" style=\"--awb-border-radius-top-left:0px;--awb-border-radius-top-right:0px;--awb-border-radius-bottom-right:0px;--awb-border-radius-bottom-left:0px;--awb-padding-bottom:8%;--awb-padding-top-small:12%;--awb-background-color:#ffffff;--awb-background-image:linear-gradient(270deg, #ffffff 39%,#ffffff 41%);--awb-flex-wrap:wrap;\" ><div class=\"fusion-builder-row fusion-row fusion-flex-align-items-stretch fusion-flex-content-wrap\" style=\"max-width:1320px;margin-left: calc(-10% \/ 2 );margin-right: calc(-10% \/ 2 );\"><div class=\"fusion-layout-column fusion_builder_column fusion-builder-column-0 fusion_builder_column_1_3 1_3 fusion-flex-column\" style=\"--awb-padding-top:10%;--awb-padding-bottom:16%;--awb-padding-top-medium:40px;--awb-padding-bottom-medium:0px;--awb-padding-top-small:35px;--awb-padding-bottom-small:35px;--awb-bg-size:cover;--awb-width-large:33.333333333333%;--awb-margin-top-large:0px;--awb-spacing-right-large:13.5%;--awb-margin-bottom-large:0px;--awb-spacing-left-large:13.5%;--awb-width-medium:33.333333333333%;--awb-order-medium:1;--awb-spacing-right-medium:10px;--awb-spacing-left-medium:13.5%;--awb-width-small:100%;--awb-order-small:1;--awb-spacing-right-small:4.5%;--awb-spacing-left-small:4.5%;\"><div class=\"fusion-column-wrapper fusion-column-has-shadow fusion-flex-justify-content-center fusion-content-layout-column\"><div class=\"fusion-separator fusion-full-width-sep\" style=\"align-self: center;margin-left: auto;margin-right: auto;margin-top:5px;margin-bottom:5px;width:100%;\"><div class=\"fusion-separator-border sep-double\" style=\"--awb-height:20px;--awb-amount:20px;border-color:#e2e2e2;border-top-width:1px;border-bottom-width:1px;\"><\/div><\/div><div class=\"fusion-text fusion-text-1\"><h6><span style=\"color: #0064a8;\">I nostri valori<\/span><\/h6>\n<\/div><div class=\"fusion-text fusion-text-2\"><h1>Codice etico<\/h1>\n<\/div><div class=\"fusion-text fusion-text-3\"><p>Scopra i principi del nostro codice etico. Ci siamo sempre impegnati a prendere decisioni basate su valori etici e operativi fondamentali. L&#8217;azienda \u00e8 consapevole della propria responsabilit\u00e0 sociale e si propone di operare in modo sostenibile, tenendo conto di tutti gli stakeholder, del pubblico in generale e delle leggi dei paesi in cui l&#8217;azienda opera.<\/p>\n<\/div><div class=\"fusion-separator fusion-full-width-sep\" style=\"align-self: center;margin-left: auto;margin-right: auto;margin-top:8px;margin-bottom:8px;width:100%;\"><div class=\"fusion-separator-border sep-double\" style=\"--awb-height:20px;--awb-amount:20px;border-color:#e2e2e2;border-top-width:1px;border-bottom-width:1px;\"><\/div><\/div><\/div><\/div><div class=\"fusion-layout-column fusion_builder_column fusion-builder-column-1 fusion_builder_column_2_3 2_3 fusion-flex-column\" style=\"--awb-padding-top-small:10vh;--awb-padding-bottom-small:10vh;--awb-overflow:hidden;--awb-bg-position:center center;--awb-bg-size:cover;--awb-box-shadow:10px 40px 72px -6px rgba(52,52,52,0.38);;--awb-border-radius:3px 3px 40px 3px;--awb-filter:saturate(112%) contrast(112%);--awb-filter-transition:filter 0.3s ease;--awb-filter-hover:saturate(112%) contrast(112%);--awb-width-large:66.666666666667%;--awb-margin-top-large:0px;--awb-spacing-right-large:6.75%;--awb-margin-bottom-large:0px;--awb-spacing-left-large:6.75%;--awb-width-medium:66.666666666667%;--awb-order-medium:0;--awb-spacing-right-medium:6.75%;--awb-spacing-left-medium:6.75%;--awb-width-small:100%;--awb-order-small:0;--awb-spacing-right-small:4.5%;--awb-spacing-left-small:4.5%;\"><div class=\"fusion-column-wrapper lazyload fusion-column-has-shadow fusion-flex-justify-content-center fusion-content-layout-column fusion-empty-column-bg-image fusion-column-has-bg-image\" data-bg-url=\"http:\/\/37217.web.zcom.it\/wp-content\/uploads\/2020\/12\/ethikkodex2.jpg\" data-bg=\"http:\/\/37217.web.zcom.it\/wp-content\/uploads\/2020\/12\/ethikkodex2.jpg\"><img decoding=\"async\" class=\"fusion-empty-dims-img-placeholder fusion-no-large-visibility fusion-no-medium-visibility\" src=\"data:image\/gif;base64,R0lGODlhAQABAAAAACH5BAEKAAEALAAAAAABAAEAAAICTAEAOw==\"><\/div><\/div><\/div><\/div><div class=\"fusion-fullwidth fullwidth-box fusion-builder-row-2 fusion-flex-container nonhundred-percent-fullwidth non-hundred-percent-height-scrolling\" style=\"--awb-border-radius-top-left:0px;--awb-border-radius-top-right:0px;--awb-border-radius-bottom-right:0px;--awb-border-radius-bottom-left:0px;--awb-padding-bottom:3%;--awb-flex-wrap:wrap;\" ><div class=\"fusion-builder-row fusion-row fusion-flex-align-items-flex-start fusion-flex-content-wrap\" style=\"max-width:1248px;margin-left: calc(-4% \/ 2 );margin-right: calc(-4% \/ 2 );\"><div class=\"fusion-layout-column fusion_builder_column fusion-builder-column-2 fusion_builder_column_1_1 1_1 fusion-flex-column\" style=\"--awb-bg-size:cover;--awb-width-large:100%;--awb-margin-top-large:0px;--awb-spacing-right-large:1.92%;--awb-margin-bottom-large:20px;--awb-spacing-left-large:1.92%;--awb-width-medium:100%;--awb-order-medium:0;--awb-spacing-right-medium:1.92%;--awb-spacing-left-medium:1.92%;--awb-width-small:100%;--awb-order-small:0;--awb-spacing-right-small:1.92%;--awb-spacing-left-small:1.92%;\"><div class=\"fusion-column-wrapper fusion-column-has-shadow fusion-flex-justify-content-flex-start fusion-content-layout-column\"><div class=\"fusion-text fusion-text-4\"><h5>Crediamo che un codice etico sia importante per noi per garantire che tutti in azienda siano in sintonia con la missione, i valori e i principi guida di Elpo. Questo fornisce a tutti un quadro di riferimento per definire quali sono le regole dal punto di vista normativo e dell&#8217;applicazione della legge e come comportarsi nelle aree grigie di un&#8217;etica basata su valori che non sempre sono chiari.<\/h5>\n<h5>Per questo motivo \u00e8 stato redatto il presente Codice Etico e di Condotta, che si inserisce nel modello di organizzazione, gestione e controllo ai sensi del G.Lgs. n. 231\/2001.<br \/>\nIl presente documento definisce i valori fondamentali e le regole di condotta che devono essere osservati da qualsiasi persona e\/o stakeholder ogni volta che entrano in contatto con ELPO S.R.L.<\/h5>\n<h5>Il Codice Etico \u00e8 stilato per assicurare che l&#8217;attivit\u00e0 di ELPO S.R.L. continui ad essere gestita in modo etico e duraturo in tutti i suoi aspetti, con senso di responsabilit\u00e0 sociale e nel rispetto dei principi fondamentali racchiusi nel presente Codice.<br \/>\nTutti coloro che lavorano ed operano in ELPO S.R.L., senza distinzioni o eccezioni, sono impegnati ad osservare ed a far osservare tali principi nell\u2019ambito delle proprie funzioni e responsabilit\u00e0.<br \/>\nIl Codice Etico \u00e8 altres\u00ec stilato per garantire che i Dipendenti ispirino le proprie attivit\u00e0 al conseguimento degli obiettivi principali della Societ\u00e0 e tengano un comportamento corretto nello svolgimento dei propri compiti e mansioni cos\u00ec astenendosi dal tenere condotte illecite e prevenendo la commissione di illeciti considerati dalla normativa di cui al D.Lgs. 231\/2001.<br \/>\nIl perseguimento degli obiettivi etici individuati verr\u00e0 garantito mediante attivit\u00e0 di formazionediretta a mettere a conoscenza tutti i soggetti coinvolti dell\u2019esistenza e dei contenuti del presente Codice Etico. Il dialogo e la partecipazione sono indispensabili per far condividere a tutti i Destinatari i valori presenti nel Codice\u00a0 medesimo.<\/h5>\n<\/div><div style=\"text-align:center;\"><a class=\"fusion-button button-flat fusion-button-default-size button-default fusion-button-default button-1 fusion-button-default-span fusion-button-default-type\" target=\"_blank\" rel=\"noopener noreferrer\" href=\"https:\/\/www.elpo.eu\/wp-content\/uploads\/2021\/05\/ODV0006_I.pdf\"><i class=\"fa-file-alt far awb-button__icon awb-button__icon--default button-icon-left\" aria-hidden=\"true\"><\/i><span class=\"fusion-button-text awb-button__text awb-button__text--default\">Download: Codice etico e di comportamento<\/span><\/a><\/div><\/div><\/div><\/div><\/div><\/p>\n","protected":false},"excerpt":{"rendered":"","protected":false},"author":10,"featured_media":0,"parent":3302,"menu_order":68,"comment_status":"closed","ping_status":"closed","template":"100-width.php","meta":{"footnotes":""},"class_list":["post-3276","page","type-page","status-publish","hentry"],"pp_statuses_selecting_workflow":false,"pp_workflow_action":"current","pp_status_selection":"publish","yoast_head":"<!-- This site is optimized with the Yoast SEO plugin v27.3 - https:\/\/yoast.com\/product\/yoast-seo-wordpress\/ -->\n<title>Codice etico - Elpo \u00b7 Ihr Elektrotechniker in Bruneck \u00b7 S\u00fcdtirol<\/title>\n<meta name=\"description\" content=\"Entdecken Sie die Grunds\u00e4tze unseres Ethikkodex. Seit jeher setzen wir darauf Entscheidungen auf Grund ethischer und operativer Grundwerte zu treffen.\" \/>\n<meta name=\"robots\" content=\"index, follow, max-snippet:-1, max-image-preview:large, max-video-preview:-1\" \/>\n<link rel=\"canonical\" href=\"https:\/\/www.elpo.eu\/it\/azienda-elpo\/codice-etico\/\" \/>\n<meta property=\"og:locale\" content=\"it_IT\" \/>\n<meta property=\"og:type\" content=\"article\" \/>\n<meta property=\"og:title\" content=\"Codice etico - Elpo \u00b7 Ihr Elektrotechniker in Bruneck \u00b7 S\u00fcdtirol\" \/>\n<meta property=\"og:description\" content=\"Entdecken Sie die Grunds\u00e4tze unseres Ethikkodex. Seit jeher setzen wir darauf Entscheidungen auf Grund ethischer und operativer Grundwerte zu treffen.\" \/>\n<meta property=\"og:url\" content=\"https:\/\/www.elpo.eu\/it\/azienda-elpo\/codice-etico\/\" \/>\n<meta property=\"og:site_name\" content=\"Elpo \u00b7 Ihr Elektrotechniker in Bruneck \u00b7 S\u00fcdtirol\" \/>\n<meta property=\"article:publisher\" content=\"https:\/\/www.facebook.com\/elpo.gmbh\" \/>\n<meta property=\"article:modified_time\" content=\"2021-05-14T12:36:38+00:00\" \/>\n<meta name=\"twitter:card\" content=\"summary_large_image\" \/>\n<meta name=\"twitter:label1\" content=\"Tempo di lettura stimato\" \/>\n\t<meta name=\"twitter:data1\" content=\"5 minuti\" \/>\n<script type=\"application\/ld+json\" class=\"yoast-schema-graph\">{\"@context\":\"https:\\\/\\\/schema.org\",\"@graph\":[{\"@type\":\"WebPage\",\"@id\":\"https:\\\/\\\/www.elpo.eu\\\/it\\\/azienda-elpo\\\/codice-etico\\\/\",\"url\":\"https:\\\/\\\/www.elpo.eu\\\/it\\\/azienda-elpo\\\/codice-etico\\\/\",\"name\":\"Codice etico - Elpo \u00b7 Ihr Elektrotechniker in Bruneck \u00b7 S\u00fcdtirol\",\"isPartOf\":{\"@id\":\"https:\\\/\\\/www.elpo.eu\\\/it\\\/#website\"},\"datePublished\":\"2020-12-21T10:09:27+00:00\",\"dateModified\":\"2021-05-14T12:36:38+00:00\",\"description\":\"Entdecken Sie die Grunds\u00e4tze unseres Ethikkodex. Seit jeher setzen wir darauf Entscheidungen auf Grund ethischer und operativer Grundwerte zu treffen.\",\"breadcrumb\":{\"@id\":\"https:\\\/\\\/www.elpo.eu\\\/it\\\/azienda-elpo\\\/codice-etico\\\/#breadcrumb\"},\"inLanguage\":\"it-IT\",\"potentialAction\":[{\"@type\":\"ReadAction\",\"target\":[\"https:\\\/\\\/www.elpo.eu\\\/it\\\/azienda-elpo\\\/codice-etico\\\/\"]}]},{\"@type\":\"BreadcrumbList\",\"@id\":\"https:\\\/\\\/www.elpo.eu\\\/it\\\/azienda-elpo\\\/codice-etico\\\/#breadcrumb\",\"itemListElement\":[{\"@type\":\"ListItem\",\"position\":1,\"name\":\"Home\",\"item\":\"https:\\\/\\\/www.elpo.eu\\\/it\\\/\"},{\"@type\":\"ListItem\",\"position\":2,\"name\":\"Profilo dell&#8217;azienda\",\"item\":\"https:\\\/\\\/www.elpo.eu\\\/it\\\/azienda-elpo\\\/\"},{\"@type\":\"ListItem\",\"position\":3,\"name\":\"Codice etico\"}]},{\"@type\":\"WebSite\",\"@id\":\"https:\\\/\\\/www.elpo.eu\\\/it\\\/#website\",\"url\":\"https:\\\/\\\/www.elpo.eu\\\/it\\\/\",\"name\":\"Elpo \u00b7 Ihr Elektrotechniker in Bruneck \u00b7 S\u00fcdtirol\",\"description\":\"Elektrotechnik \u00b7 Elektriker \u00b7 Green Energy \u00b7 Automation \u00b7 Photovoltaik \u00b7 Service \u00b7 Fachhandel\",\"potentialAction\":[{\"@type\":\"SearchAction\",\"target\":{\"@type\":\"EntryPoint\",\"urlTemplate\":\"https:\\\/\\\/www.elpo.eu\\\/it\\\/?s={search_term_string}\"},\"query-input\":{\"@type\":\"PropertyValueSpecification\",\"valueRequired\":true,\"valueName\":\"search_term_string\"}}],\"inLanguage\":\"it-IT\"}]}<\/script>\n<!-- \/ Yoast SEO plugin. -->","yoast_head_json":{"title":"Codice etico - Elpo \u00b7 Ihr Elektrotechniker in Bruneck \u00b7 S\u00fcdtirol","description":"Entdecken Sie die Grunds\u00e4tze unseres Ethikkodex. Seit jeher setzen wir darauf Entscheidungen auf Grund ethischer und operativer Grundwerte zu treffen.","robots":{"index":"index","follow":"follow","max-snippet":"max-snippet:-1","max-image-preview":"max-image-preview:large","max-video-preview":"max-video-preview:-1"},"canonical":"https:\/\/www.elpo.eu\/it\/azienda-elpo\/codice-etico\/","og_locale":"it_IT","og_type":"article","og_title":"Codice etico - Elpo \u00b7 Ihr Elektrotechniker in Bruneck \u00b7 S\u00fcdtirol","og_description":"Entdecken Sie die Grunds\u00e4tze unseres Ethikkodex. Seit jeher setzen wir darauf Entscheidungen auf Grund ethischer und operativer Grundwerte zu treffen.","og_url":"https:\/\/www.elpo.eu\/it\/azienda-elpo\/codice-etico\/","og_site_name":"Elpo \u00b7 Ihr Elektrotechniker in Bruneck \u00b7 S\u00fcdtirol","article_publisher":"https:\/\/www.facebook.com\/elpo.gmbh","article_modified_time":"2021-05-14T12:36:38+00:00","twitter_card":"summary_large_image","twitter_misc":{"Tempo di lettura stimato":"5 minuti"},"schema":{"@context":"https:\/\/schema.org","@graph":[{"@type":"WebPage","@id":"https:\/\/www.elpo.eu\/it\/azienda-elpo\/codice-etico\/","url":"https:\/\/www.elpo.eu\/it\/azienda-elpo\/codice-etico\/","name":"Codice etico - Elpo \u00b7 Ihr Elektrotechniker in Bruneck \u00b7 S\u00fcdtirol","isPartOf":{"@id":"https:\/\/www.elpo.eu\/it\/#website"},"datePublished":"2020-12-21T10:09:27+00:00","dateModified":"2021-05-14T12:36:38+00:00","description":"Entdecken Sie die Grunds\u00e4tze unseres Ethikkodex. Seit jeher setzen wir darauf Entscheidungen auf Grund ethischer und operativer Grundwerte zu treffen.","breadcrumb":{"@id":"https:\/\/www.elpo.eu\/it\/azienda-elpo\/codice-etico\/#breadcrumb"},"inLanguage":"it-IT","potentialAction":[{"@type":"ReadAction","target":["https:\/\/www.elpo.eu\/it\/azienda-elpo\/codice-etico\/"]}]},{"@type":"BreadcrumbList","@id":"https:\/\/www.elpo.eu\/it\/azienda-elpo\/codice-etico\/#breadcrumb","itemListElement":[{"@type":"ListItem","position":1,"name":"Home","item":"https:\/\/www.elpo.eu\/it\/"},{"@type":"ListItem","position":2,"name":"Profilo dell&#8217;azienda","item":"https:\/\/www.elpo.eu\/it\/azienda-elpo\/"},{"@type":"ListItem","position":3,"name":"Codice etico"}]},{"@type":"WebSite","@id":"https:\/\/www.elpo.eu\/it\/#website","url":"https:\/\/www.elpo.eu\/it\/","name":"Elpo \u00b7 Ihr Elektrotechniker in Bruneck \u00b7 S\u00fcdtirol","description":"Elektrotechnik \u00b7 Elektriker \u00b7 Green Energy \u00b7 Automation \u00b7 Photovoltaik \u00b7 Service \u00b7 Fachhandel","potentialAction":[{"@type":"SearchAction","target":{"@type":"EntryPoint","urlTemplate":"https:\/\/www.elpo.eu\/it\/?s={search_term_string}"},"query-input":{"@type":"PropertyValueSpecification","valueRequired":true,"valueName":"search_term_string"}}],"inLanguage":"it-IT"}]}},"_links":{"self":[{"href":"https:\/\/www.elpo.eu\/it\/wp-json\/wp\/v2\/pages\/3276","targetHints":{"allow":["GET"]}}],"collection":[{"href":"https:\/\/www.elpo.eu\/it\/wp-json\/wp\/v2\/pages"}],"about":[{"href":"https:\/\/www.elpo.eu\/it\/wp-json\/wp\/v2\/types\/page"}],"author":[{"embeddable":true,"href":"https:\/\/www.elpo.eu\/it\/wp-json\/wp\/v2\/users\/10"}],"replies":[{"embeddable":true,"href":"https:\/\/www.elpo.eu\/it\/wp-json\/wp\/v2\/comments?post=3276"}],"version-history":[{"count":7,"href":"https:\/\/www.elpo.eu\/it\/wp-json\/wp\/v2\/pages\/3276\/revisions"}],"predecessor-version":[{"id":5983,"href":"https:\/\/www.elpo.eu\/it\/wp-json\/wp\/v2\/pages\/3276\/revisions\/5983"}],"up":[{"embeddable":true,"href":"https:\/\/www.elpo.eu\/it\/wp-json\/wp\/v2\/pages\/3302"}],"wp:attachment":[{"href":"https:\/\/www.elpo.eu\/it\/wp-json\/wp\/v2\/media?parent=3276"}],"curies":[{"name":"wp","href":"https:\/\/api.w.org\/{rel}","templated":true}]}}