{"id":3278,"date":"2020-12-21T10:50:20","date_gmt":"2020-12-21T09:50:20","guid":{"rendered":"http:\/\/37217.web.zcom.it\/datenschutzkodex\/"},"modified":"2021-06-15T09:37:35","modified_gmt":"2021-06-15T07:37:35","slug":"regolamento-privacy","status":"publish","type":"page","link":"https:\/\/www.elpo.eu\/it\/regolamento-privacy\/","title":{"rendered":"Regolamento Privacy"},"content":{"rendered":"<div class=\"fusion-fullwidth fullwidth-box fusion-builder-row-1 fusion-flex-container nonhundred-percent-fullwidth non-hundred-percent-height-scrolling\" style=\"--awb-border-radius-top-left:0px;--awb-border-radius-top-right:0px;--awb-border-radius-bottom-right:0px;--awb-border-radius-bottom-left:0px;--awb-flex-wrap:wrap;\" ><div class=\"fusion-builder-row fusion-row fusion-flex-align-items-flex-start fusion-flex-content-wrap\" style=\"max-width:1248px;margin-left: calc(-4% \/ 2 );margin-right: calc(-4% \/ 2 );\"><div class=\"fusion-layout-column fusion_builder_column fusion-builder-column-0 fusion_builder_column_1_1 1_1 fusion-flex-column\" style=\"--awb-bg-size:cover;--awb-width-large:100%;--awb-margin-top-large:0px;--awb-spacing-right-large:1.92%;--awb-margin-bottom-large:20px;--awb-spacing-left-large:1.92%;--awb-width-medium:100%;--awb-order-medium:0;--awb-spacing-right-medium:1.92%;--awb-spacing-left-medium:1.92%;--awb-width-small:100%;--awb-order-small:0;--awb-spacing-right-small:1.92%;--awb-spacing-left-small:1.92%;\"><div class=\"fusion-column-wrapper fusion-column-has-shadow fusion-flex-justify-content-flex-start fusion-content-layout-column\"><div class=\"fusion-text fusion-text-1\"><p>Lettera informativa ai sensi del Regolamento UE 679\/2016 del 25.05.2016 &#8220;Legge sulla protezione dei dati&#8221;.<br \/>\nAi sensi dell&#8217;articolo 13 del Regolamento UE 679\/2016, vi INFORMIAMO che la nostra societ\u00e0 <a href=\"http:\/\/37217.web.zcom.it\/it\/elpo-unternehmensbild\/\">ELPO GMBH<\/a> tratta i dati personali di clienti e fornitori, nonch\u00e9 di persone che ci forniscono volontariamente i loro dati personali (per telefono, fax o e-mail).<br \/>\nLa nostra societ\u00e0 garantisce ai sensi di legge che il trattamento dei dati personali si svolge nel rispetto dei diritti e delle libert\u00e0 fondamentali, nonch\u00e9 della dignit\u00e0 dell&#8217;interessato, con particolare riferimento alla riservatezza, all&#8217;identit\u00e0 personale e al diritto alla protezione dei dati personali.<\/p>\n<p>Finalit\u00e0 del trattamento dei dati:<\/p>\n<ol>\n<li>Adempimento di obblighi di legge, obblighi derivanti da regolamenti, norme comunitarie e leggi civili e fiscali.<\/li>\n<li>Adempimento di eventuali obblighi contrattuali nei confronti dell&#8217;interessato.<\/li>\n<li>Svolgimento di attivit\u00e0 legate all&#8217;attivit\u00e0 commerciale della nostra azienda, come la compilazione di statistiche interne, a fini contabili e per la tenuta della contabilit\u00e0 clienti-fornitori.<\/li>\n<li>Finalit\u00e0 commerciali, quali l&#8217;invio di informazioni commerciali e materiale pubblicitario (per posta, fax e e-mail), marketing e indagini di mercato<\/li>\n<li>Tutela dei crediti e gestione delle passivit\u00e0<\/li>\n<li>Obiettivi assicurativi, in particolare l&#8217;assicurazione del credito<\/li>\n<\/ol>\n<p>In relazione alle finalit\u00e0 di cui sopra, i Suoi dati personali saranno comunicati se necessario:<\/p>\n<ol>\n<li>alle pubbliche amministrazioni e alle autorit\u00e0, se richiesto dalla legge<\/li>\n<li>agli istituti di credito con i quali la nostra societ\u00e0 intrattiene rapporti commerciali per l&#8217;amministrazione dei crediti\/passivit\u00e0 e per l&#8217;ottenimento di finanziamenti<\/li>\n<li>a tutte quelle persone fisiche e\/o giuridiche, pubbliche e\/o private (uffici di consulenza legale, amministrativa e fiscale, tribunali, camere di commercio, ecc.) se l&#8217;inoltro \u00e8 necessario o utile per l&#8217;esercizio della nostra attivit\u00e0, nei modi e per le finalit\u00e0 sopra indicate<\/li>\n<\/ol>\n<p>I dati personali trattati dalla nostra azienda non sono soggetti a diffusione.<\/p>\n<p>Il trattamento pu\u00f2 essere effettuato con o senza l&#8217;ausilio di mezzi elettronici e comunque automatizzati e comprende tutte le operazioni previste dall&#8217;art. 4, comma 1, lettera a, del Regolamento (CE) n. 679\/2016 del 25\/05\/2016 e necessarie al trattamento in questione. In ogni caso il trattamento dei dati sar\u00e0 effettuato nel rispetto di tutte le misure di sicurezza che ne garantiscano la sicurezza e la riservatezza.<br \/>\nLa legge sulla protezione dei dati personali conferisce all&#8217;interessato l&#8217;esercizio di specifici diritti ai sensi degli artt. 7 e 13-22 del Regolamento UE 679\/2016. In particolare, l&#8217;interessato ha diritto di conoscere i dati personali in possesso del titolare del trattamento, di ottenere l&#8217;indicazione dell&#8217;esistenza o meno di dati personali che lo riguardano, anche se non ancora registrati, e di ottenere, in forma intelligibile, l&#8217;indicazione dell&#8217;origine dei dati, delle finalit\u00e0 e modalit\u00e0 del trattamento, nonch\u00e9 degli estremi identificativi del titolare e dei responsabili, dei soggetti e delle categorie di soggetti ai quali i dati personali possono essere comunicati.<\/p>\n<p>L&#8217;interessato ha il diritto di ottenere la conferma dell&#8217;esistenza o meno dei dati che lo riguardano, di chiederne la cancellazione, il blocco e la trasformazione in forma anonima, se trattati in violazione di legge. Ha il diritto di opporsi, per motivi legittimi, al trattamento dei suoi dati, in tutto o in parte, nonch\u00e9 di chiederne la cancellazione, il blocco, la trasformazione in forma anonima e, senza giustificato motivo, se i dati sono utilizzati a fini di informazione commerciale, di invio di materiale pubblicitario, di vendita diretta, di ricerche di mercato o di comunicazione commerciale.<\/p>\n<p>La Societ\u00e0 informa che \u00e8 stato installato un sistema di videosorveglianza sia presso la sede aziendale che presso il parcheggio aziendale, per la tutela dei beni personali, in conformit\u00e0 all&#8217;autorizzazione dell&#8217;Ispettorato del Lavoro della Provincia Autonoma di Bolzano, protocollo n. 84062\/42.02.03 del 08.02.2017. Tale sistema non ha lo scopo di monitorare o controllare il lavoratore nello svolgimento dell&#8217;attivit\u00e0 lavorativa, secondo quanto previsto dall&#8217;articolo 4 della legge n. 300 del 1970 (Statuto dei Lavoratori).<\/p>\n<p>I diritti di cui sopra possono essere esercitati dall&#8217;interessato o da una persona da questi designata, mediante richiesta da inviarsi a mezzo raccomandata a.r. o e-mail all&#8217;indirizzo privacy@elpo.eu.<\/p>\n<p>Il responsabile del trattamento dei dati \u00e8:<br \/>\nELPO S.r.l., con sede in 39031 BRUNICO (BZ), via J.-G.-Mahl 19.<\/p>\n<\/div><\/div><\/div><\/div><\/div>\n","protected":false},"excerpt":{"rendered":"","protected":false},"author":10,"featured_media":0,"parent":0,"menu_order":70,"comment_status":"closed","ping_status":"closed","template":"","meta":{"footnotes":""},"class_list":["post-3278","page","type-page","status-publish","hentry"],"pp_statuses_selecting_workflow":false,"pp_workflow_action":"current","pp_status_selection":"publish","yoast_head":"<!-- This site is optimized with the Yoast SEO plugin v27.4 - https:\/\/yoast.com\/product\/yoast-seo-wordpress\/ -->\n<title>Regolamento Privacy - Elpo \u00b7 Ihr Elektrotechniker in Bruneck \u00b7 S\u00fcdtirol<\/title>\n<meta name=\"description\" content=\"Entdecken Sie die Grunds\u00e4tze unseres Datenschutzkodex. Aufkl\u00e4rungsschreiben im Sinne der EU-Verordnung 679\/2016 vom 25.05.2016 \u201eDatenschutzgesetz\u201c.\" \/>\n<meta name=\"robots\" content=\"index, follow, max-snippet:-1, max-image-preview:large, max-video-preview:-1\" \/>\n<link rel=\"canonical\" href=\"https:\/\/www.elpo.eu\/it\/regolamento-privacy\/\" \/>\n<meta property=\"og:locale\" content=\"it_IT\" \/>\n<meta property=\"og:type\" content=\"article\" \/>\n<meta property=\"og:title\" content=\"Regolamento Privacy - Elpo \u00b7 Ihr Elektrotechniker in Bruneck \u00b7 S\u00fcdtirol\" \/>\n<meta property=\"og:description\" content=\"Entdecken Sie die Grunds\u00e4tze unseres Datenschutzkodex. Aufkl\u00e4rungsschreiben im Sinne der EU-Verordnung 679\/2016 vom 25.05.2016 \u201eDatenschutzgesetz\u201c.\" \/>\n<meta property=\"og:url\" content=\"https:\/\/www.elpo.eu\/it\/regolamento-privacy\/\" \/>\n<meta property=\"og:site_name\" content=\"Elpo \u00b7 Ihr Elektrotechniker in Bruneck \u00b7 S\u00fcdtirol\" \/>\n<meta property=\"article:publisher\" content=\"https:\/\/www.facebook.com\/elpo.gmbh\" \/>\n<meta property=\"article:modified_time\" content=\"2021-06-15T07:37:35+00:00\" \/>\n<meta name=\"twitter:card\" content=\"summary_large_image\" \/>\n<meta name=\"twitter:label1\" content=\"Tempo di lettura stimato\" \/>\n\t<meta name=\"twitter:data1\" content=\"6 minuti\" \/>\n<script type=\"application\/ld+json\" class=\"yoast-schema-graph\">{\"@context\":\"https:\\\/\\\/schema.org\",\"@graph\":[{\"@type\":\"WebPage\",\"@id\":\"https:\\\/\\\/www.elpo.eu\\\/it\\\/regolamento-privacy\\\/\",\"url\":\"https:\\\/\\\/www.elpo.eu\\\/it\\\/regolamento-privacy\\\/\",\"name\":\"Regolamento Privacy - Elpo \u00b7 Ihr Elektrotechniker in Bruneck \u00b7 S\u00fcdtirol\",\"isPartOf\":{\"@id\":\"https:\\\/\\\/www.elpo.eu\\\/it\\\/#website\"},\"datePublished\":\"2020-12-21T09:50:20+00:00\",\"dateModified\":\"2021-06-15T07:37:35+00:00\",\"description\":\"Entdecken Sie die Grunds\u00e4tze unseres Datenschutzkodex. Aufkl\u00e4rungsschreiben im Sinne der EU-Verordnung 679\\\/2016 vom 25.05.2016 \u201eDatenschutzgesetz\u201c.\",\"breadcrumb\":{\"@id\":\"https:\\\/\\\/www.elpo.eu\\\/it\\\/regolamento-privacy\\\/#breadcrumb\"},\"inLanguage\":\"it-IT\",\"potentialAction\":[{\"@type\":\"ReadAction\",\"target\":[\"https:\\\/\\\/www.elpo.eu\\\/it\\\/regolamento-privacy\\\/\"]}]},{\"@type\":\"BreadcrumbList\",\"@id\":\"https:\\\/\\\/www.elpo.eu\\\/it\\\/regolamento-privacy\\\/#breadcrumb\",\"itemListElement\":[{\"@type\":\"ListItem\",\"position\":1,\"name\":\"Home\",\"item\":\"https:\\\/\\\/www.elpo.eu\\\/it\\\/\"},{\"@type\":\"ListItem\",\"position\":2,\"name\":\"Regolamento Privacy\"}]},{\"@type\":\"WebSite\",\"@id\":\"https:\\\/\\\/www.elpo.eu\\\/it\\\/#website\",\"url\":\"https:\\\/\\\/www.elpo.eu\\\/it\\\/\",\"name\":\"Elpo \u00b7 Ihr Elektrotechniker in Bruneck \u00b7 S\u00fcdtirol\",\"description\":\"Elektrotechnik \u00b7 Elektriker \u00b7 Green Energy \u00b7 Automation \u00b7 Photovoltaik \u00b7 Service \u00b7 Fachhandel\",\"potentialAction\":[{\"@type\":\"SearchAction\",\"target\":{\"@type\":\"EntryPoint\",\"urlTemplate\":\"https:\\\/\\\/www.elpo.eu\\\/it\\\/?s={search_term_string}\"},\"query-input\":{\"@type\":\"PropertyValueSpecification\",\"valueRequired\":true,\"valueName\":\"search_term_string\"}}],\"inLanguage\":\"it-IT\"}]}<\/script>\n<!-- \/ Yoast SEO plugin. -->","yoast_head_json":{"title":"Regolamento Privacy - Elpo \u00b7 Ihr Elektrotechniker in Bruneck \u00b7 S\u00fcdtirol","description":"Entdecken Sie die Grunds\u00e4tze unseres Datenschutzkodex. Aufkl\u00e4rungsschreiben im Sinne der EU-Verordnung 679\/2016 vom 25.05.2016 \u201eDatenschutzgesetz\u201c.","robots":{"index":"index","follow":"follow","max-snippet":"max-snippet:-1","max-image-preview":"max-image-preview:large","max-video-preview":"max-video-preview:-1"},"canonical":"https:\/\/www.elpo.eu\/it\/regolamento-privacy\/","og_locale":"it_IT","og_type":"article","og_title":"Regolamento Privacy - Elpo \u00b7 Ihr Elektrotechniker in Bruneck \u00b7 S\u00fcdtirol","og_description":"Entdecken Sie die Grunds\u00e4tze unseres Datenschutzkodex. Aufkl\u00e4rungsschreiben im Sinne der EU-Verordnung 679\/2016 vom 25.05.2016 \u201eDatenschutzgesetz\u201c.","og_url":"https:\/\/www.elpo.eu\/it\/regolamento-privacy\/","og_site_name":"Elpo \u00b7 Ihr Elektrotechniker in Bruneck \u00b7 S\u00fcdtirol","article_publisher":"https:\/\/www.facebook.com\/elpo.gmbh","article_modified_time":"2021-06-15T07:37:35+00:00","twitter_card":"summary_large_image","twitter_misc":{"Tempo di lettura stimato":"6 minuti"},"schema":{"@context":"https:\/\/schema.org","@graph":[{"@type":"WebPage","@id":"https:\/\/www.elpo.eu\/it\/regolamento-privacy\/","url":"https:\/\/www.elpo.eu\/it\/regolamento-privacy\/","name":"Regolamento Privacy - Elpo \u00b7 Ihr Elektrotechniker in Bruneck \u00b7 S\u00fcdtirol","isPartOf":{"@id":"https:\/\/www.elpo.eu\/it\/#website"},"datePublished":"2020-12-21T09:50:20+00:00","dateModified":"2021-06-15T07:37:35+00:00","description":"Entdecken Sie die Grunds\u00e4tze unseres Datenschutzkodex. Aufkl\u00e4rungsschreiben im Sinne der EU-Verordnung 679\/2016 vom 25.05.2016 \u201eDatenschutzgesetz\u201c.","breadcrumb":{"@id":"https:\/\/www.elpo.eu\/it\/regolamento-privacy\/#breadcrumb"},"inLanguage":"it-IT","potentialAction":[{"@type":"ReadAction","target":["https:\/\/www.elpo.eu\/it\/regolamento-privacy\/"]}]},{"@type":"BreadcrumbList","@id":"https:\/\/www.elpo.eu\/it\/regolamento-privacy\/#breadcrumb","itemListElement":[{"@type":"ListItem","position":1,"name":"Home","item":"https:\/\/www.elpo.eu\/it\/"},{"@type":"ListItem","position":2,"name":"Regolamento Privacy"}]},{"@type":"WebSite","@id":"https:\/\/www.elpo.eu\/it\/#website","url":"https:\/\/www.elpo.eu\/it\/","name":"Elpo \u00b7 Ihr Elektrotechniker in Bruneck \u00b7 S\u00fcdtirol","description":"Elektrotechnik \u00b7 Elektriker \u00b7 Green Energy \u00b7 Automation \u00b7 Photovoltaik \u00b7 Service \u00b7 Fachhandel","potentialAction":[{"@type":"SearchAction","target":{"@type":"EntryPoint","urlTemplate":"https:\/\/www.elpo.eu\/it\/?s={search_term_string}"},"query-input":{"@type":"PropertyValueSpecification","valueRequired":true,"valueName":"search_term_string"}}],"inLanguage":"it-IT"}]}},"_links":{"self":[{"href":"https:\/\/www.elpo.eu\/it\/wp-json\/wp\/v2\/pages\/3278","targetHints":{"allow":["GET"]}}],"collection":[{"href":"https:\/\/www.elpo.eu\/it\/wp-json\/wp\/v2\/pages"}],"about":[{"href":"https:\/\/www.elpo.eu\/it\/wp-json\/wp\/v2\/types\/page"}],"author":[{"embeddable":true,"href":"https:\/\/www.elpo.eu\/it\/wp-json\/wp\/v2\/users\/10"}],"replies":[{"embeddable":true,"href":"https:\/\/www.elpo.eu\/it\/wp-json\/wp\/v2\/comments?post=3278"}],"version-history":[{"count":3,"href":"https:\/\/www.elpo.eu\/it\/wp-json\/wp\/v2\/pages\/3278\/revisions"}],"predecessor-version":[{"id":3580,"href":"https:\/\/www.elpo.eu\/it\/wp-json\/wp\/v2\/pages\/3278\/revisions\/3580"}],"wp:attachment":[{"href":"https:\/\/www.elpo.eu\/it\/wp-json\/wp\/v2\/media?parent=3278"}],"curies":[{"name":"wp","href":"https:\/\/api.w.org\/{rel}","templated":true}]}}