{"id":3280,"date":"2020-12-14T15:51:55","date_gmt":"2020-12-14T14:51:55","guid":{"rendered":"http:\/\/37217.web.zcom.it\/kontakt\/"},"modified":"2026-03-12T12:30:30","modified_gmt":"2026-03-12T11:30:30","slug":"contatto","status":"publish","type":"page","link":"https:\/\/www.elpo.eu\/it\/contatto\/","title":{"rendered":"Contatto"},"content":{"rendered":"<div class=\"fusion-fullwidth fullwidth-box fusion-builder-row-1 fusion-flex-container fusion-parallax-none nonhundred-percent-fullwidth non-hundred-percent-height-scrolling lazyload\" style=\"--awb-background-position:center bottom;--awb-border-sizes-top:0px;--awb-border-sizes-bottom:0px;--awb-border-sizes-left:0px;--awb-border-sizes-right:0px;--awb-border-radius-top-left:0px;--awb-border-radius-top-right:0px;--awb-border-radius-bottom-right:0px;--awb-border-radius-bottom-left:0px;--awb-padding-top:130px;--awb-padding-bottom:100px;--awb-margin-top:-60px;--awb-margin-bottom:-60px;--awb-background-size:cover;--awb-flex-wrap:wrap;\" data-bg=\"http:\/\/37217.web.zcom.it\/wp-content\/uploads\/2020\/12\/elpo_kontakt4.jpg\" ><div class=\"fusion-builder-row fusion-row fusion-flex-align-items-flex-start fusion-flex-content-wrap\" style=\"max-width:1248px;margin-left: calc(-4% \/ 2 );margin-right: calc(-4% \/ 2 );\"><div class=\"fusion-layout-column fusion_builder_column fusion-builder-column-0 fusion_builder_column_1_1 1_1 fusion-flex-column fusion-flex-align-self-flex-start fusion-column-no-min-height\" style=\"--awb-bg-size:cover;--awb-width-large:100%;--awb-margin-top-large:0px;--awb-spacing-right-large:1.92%;--awb-margin-bottom-large:60px;--awb-spacing-left-large:1.92%;--awb-width-medium:100%;--awb-spacing-right-medium:1.92%;--awb-spacing-left-medium:1.92%;--awb-width-small:100%;--awb-spacing-right-small:1.92%;--awb-spacing-left-small:1.92%;\"><div class=\"fusion-column-wrapper fusion-flex-justify-content-flex-start fusion-content-layout-column\"><div class=\"fusion-title title fusion-title-1 fusion-sep-none fusion-title-text fusion-title-size-two\" style=\"--awb-text-color:#ffffff;\"><h2 class=\"fusion-title-heading title-heading-left\" style=\"margin:0;\"><span style=\"color: #ffffff;\">Contattateci.<\/span><\/h2><\/div><div class=\"fusion-text fusion-text-1\"><h5><span style=\"color: #ffffff;\">Compili il nostro modulo di contatto per raggiungerci. Ci racconti le sue idee di progetti. Siamo a sua disposizione, sia che lei abbia una grande idea o che abbia bisogno di ispirazione per un progetto. Dal concetto all&#8217;implementazione, si lasci ispirare.<\/span><\/h5>\n<\/div><\/div><\/div><div class=\"fusion-layout-column fusion_builder_column fusion-builder-column-1 fusion_builder_column_3_5 3_5 fusion-flex-column\" style=\"--awb-bg-size:cover;--awb-width-large:60%;--awb-margin-top-large:0px;--awb-spacing-right-large:3.2%;--awb-margin-bottom-large:20px;--awb-spacing-left-large:3.2%;--awb-width-medium:60%;--awb-spacing-right-medium:3.2%;--awb-spacing-left-medium:3.2%;--awb-width-small:100%;--awb-spacing-right-small:1.92%;--awb-spacing-left-small:1.92%;\"><div class=\"fusion-column-wrapper fusion-flex-justify-content-flex-start fusion-content-layout-column\"><div class=\"wpforms-container wpforms-container-full\" id=\"wpforms-3569\"><form id=\"wpforms-form-3569\" class=\"wpforms-validate wpforms-form\" data-formid=\"3569\" method=\"post\" enctype=\"multipart\/form-data\" action=\"\/it\/wp-json\/wp\/v2\/pages\/3280\" data-token=\"3fc1384eec11b0998b9f109f7e8347c9\" data-token-time=\"1776154954\"><noscript class=\"wpforms-error-noscript\">Abilita JavaScript nel browser per completare questo modulo.<\/noscript><div class=\"wpforms-field-container\"><div id=\"wpforms-3569-field_7-container\" class=\"wpforms-field wpforms-field-name form-color\" data-field-id=\"7\"><label class=\"wpforms-field-label\" for=\"wpforms-3569-field_7\">Nome <span class=\"wpforms-required-label\">*<\/span><\/label><input type=\"text\" id=\"wpforms-3569-field_7\" class=\"wpforms-field-large wpforms-field-required\" name=\"wpforms[fields][7]\" required><\/div><div id=\"wpforms-3569-field_8-container\" class=\"wpforms-field wpforms-field-email form-color\" data-field-id=\"8\"><label class=\"wpforms-field-label\" for=\"wpforms-3569-field_8\">E-Mail <span class=\"wpforms-required-label\">*<\/span><\/label><input type=\"email\" id=\"wpforms-3569-field_8\" class=\"wpforms-field-large wpforms-field-required\" name=\"wpforms[fields][8]\" spellcheck=\"false\" required><\/div><div id=\"wpforms-3569-field_9-container\" class=\"wpforms-field wpforms-field-text form-color\" data-field-id=\"9\"><label class=\"wpforms-field-label\" for=\"wpforms-3569-field_9\">Telefono<\/label><input type=\"text\" id=\"wpforms-3569-field_9\" class=\"wpforms-field-large\" name=\"wpforms[fields][9]\" ><\/div><div id=\"wpforms-3569-field_15-container\" class=\"wpforms-field wpforms-field-text form-color\" data-field-id=\"15\"><label class=\"wpforms-field-label\" for=\"wpforms-3569-field_15\">Cellulare<\/label><input type=\"text\" id=\"wpforms-3569-field_15\" class=\"wpforms-field-large\" name=\"wpforms[fields][15]\" ><\/div><div id=\"wpforms-3569-field_14-container\" class=\"wpforms-field wpforms-field-text form-color\" data-field-id=\"14\"><label class=\"wpforms-field-label\" for=\"wpforms-3569-field_14\">Oggetto<\/label><input type=\"text\" id=\"wpforms-3569-field_14\" class=\"wpforms-field-large\" name=\"wpforms[fields][14]\" ><\/div><div id=\"wpforms-3569-field_11-container\" class=\"wpforms-field wpforms-field-textarea form-color\" data-field-id=\"11\"><label class=\"wpforms-field-label\" for=\"wpforms-3569-field_11\">Messaggio<\/label><textarea id=\"wpforms-3569-field_11\" class=\"wpforms-field-medium\" name=\"wpforms[fields][11]\" ><\/textarea><\/div><div id=\"wpforms-3569-field_12-container\" class=\"wpforms-field wpforms-field-gdpr-checkbox form-color\" data-field-id=\"12\"><label class=\"wpforms-field-label\">Autorizzazione trattamento dati <span class=\"wpforms-required-label\">*<\/span><\/label><ul id=\"wpforms-3569-field_12\" class=\"wpforms-field-required\"><li class=\"choice-1\"><input type=\"checkbox\" id=\"wpforms-3569-field_12_1\" name=\"wpforms[fields][12][]\" value=\"Acconsento che questo sito web conservi le informazioni da me fornite in modo da poter rispondere alla mia richiesta.\" required ><label class=\"wpforms-field-label-inline\" for=\"wpforms-3569-field_12_1\">Acconsento che questo sito web conservi le informazioni da me fornite in modo da poter rispondere alla mia richiesta.<\/label><\/li><\/ul><\/div><\/div><!-- .wpforms-field-container --><div class=\"wpforms-recaptcha-container wpforms-is-recaptcha wpforms-is-recaptcha-type-v2\" ><div class=\"g-recaptcha\" data-sitekey=\"6Lc6vc8aAAAAAKaCFkoXFbOpd_fBHnUKHssccwgp\"><\/div><input type=\"text\" name=\"g-recaptcha-hidden\" class=\"wpforms-recaptcha-hidden\" style=\"position:absolute!important;clip:rect(0,0,0,0)!important;height:1px!important;width:1px!important;border:0!important;overflow:hidden!important;padding:0!important;margin:0!important;\" data-rule-recaptcha=\"1\"><\/div><div class=\"wpforms-submit-container\" ><input type=\"hidden\" name=\"wpforms[id]\" value=\"3569\"><input type=\"hidden\" name=\"page_title\" value=\"\"><input type=\"hidden\" name=\"page_url\" value=\"https:\/\/www.elpo.eu\/it\/wp-json\/wp\/v2\/pages\/3280\"><input type=\"hidden\" name=\"url_referer\" value=\"\"><button type=\"submit\" name=\"wpforms[submit]\" id=\"wpforms-submit-3569\" class=\"wpforms-submit absenden-button\" data-alt-text=\"Senden...\" data-submit-text=\"Invia\" aria-live=\"assertive\" value=\"wpforms-submit\">Invia<\/button><\/div><\/form><\/div>  <!-- .wpforms-container --><\/div><\/div><div class=\"fusion-layout-column fusion_builder_column fusion-builder-column-2 fusion_builder_column_2_5 2_5 fusion-flex-column\" style=\"--awb-bg-size:cover;--awb-width-large:40%;--awb-margin-top-large:35px;--awb-spacing-right-large:4.8%;--awb-margin-bottom-large:20px;--awb-spacing-left-large:4.8%;--awb-width-medium:40%;--awb-order-medium:0;--awb-spacing-right-medium:4.8%;--awb-spacing-left-medium:4.8%;--awb-width-small:100%;--awb-order-small:0;--awb-spacing-right-small:1.92%;--awb-spacing-left-small:1.92%;\"><div class=\"fusion-column-wrapper fusion-column-has-shadow fusion-flex-justify-content-flex-start fusion-content-layout-column\"><div class=\"fusion-image-element \" style=\"--awb-caption-title-font-family:var(--h2_typography-font-family);--awb-caption-title-font-weight:var(--h2_typography-font-weight);--awb-caption-title-font-style:var(--h2_typography-font-style);--awb-caption-title-size:var(--h2_typography-font-size);--awb-caption-title-transform:var(--h2_typography-text-transform);--awb-caption-title-line-height:var(--h2_typography-line-height);--awb-caption-title-letter-spacing:var(--h2_typography-letter-spacing);\"><span class=\" fusion-imageframe imageframe-none imageframe-1 hover-type-none fusion-animated\" data-animationType=\"fadeInUp\" data-animationDuration=\"1.1\" data-animationOffset=\"top-into-view\"><img fetchpriority=\"high\" fetchpriority=\"high\" decoding=\"async\" width=\"712\" height=\"459\" title=\"Elpo_map\" src=\"https:\/\/www.elpo.eu\/wp-content\/uploads\/2020\/12\/Elpo_map.jpg\" data-orig-src=\"https:\/\/www.elpo.eu\/wp-content\/uploads\/2020\/12\/Elpo_map.jpg\" alt class=\"lazyload img-responsive wp-image-1366\" srcset=\"data:image\/svg+xml,%3Csvg%20xmlns%3D%27http%3A%2F%2Fwww.w3.org%2F2000%2Fsvg%27%20width%3D%27712%27%20height%3D%27459%27%20viewBox%3D%270%200%20712%20459%27%3E%3Crect%20width%3D%27712%27%20height%3D%27459%27%20fill-opacity%3D%220%22%2F%3E%3C%2Fsvg%3E\" data-srcset=\"https:\/\/www.elpo.eu\/wp-content\/uploads\/2020\/12\/Elpo_map-200x129.jpg 200w, https:\/\/www.elpo.eu\/wp-content\/uploads\/2020\/12\/Elpo_map-400x258.jpg 400w, https:\/\/www.elpo.eu\/wp-content\/uploads\/2020\/12\/Elpo_map-600x387.jpg 600w, https:\/\/www.elpo.eu\/wp-content\/uploads\/2020\/12\/Elpo_map.jpg 712w\" data-sizes=\"auto\" data-orig-sizes=\"(max-width: 640px) 100vw, 600px\" \/><\/span><\/div><div class=\"fusion-separator fusion-full-width-sep\" style=\"align-self: center;margin-left: auto;margin-right: auto;margin-top:40px;width:100%;\"><\/div><div class=\"fusion-text fusion-text-2\"><p><span style=\"color: #ffffff;\"><a style=\"color: #ffffff;\" href=\"http:\/\/37217.web.zcom.it\/unternehmensbild\/\">ELPO Srl<\/a><\/span><br \/>\n<span style=\"color: #ffffff;\"><a style=\"color: #ffffff;\" href=\"https:\/\/goo.gl\/maps\/ThPggKzJA512\" target=\"_blank\" rel=\"noopener noreferrer\">via J. G. Mahl 19<br \/>\nI-39031 Brunico (BZ)<\/a><\/span><br \/>\n<span style=\"color: #ffffff;\">Tel +39 0474 570 700<\/span><br \/>\n<span style=\"color: #ffffff;\">Fax: +39 0474 570 777<\/span><br \/>\n<span style=\"color: #ffffff;\">Email:\u00a0<a style=\"color: #ffffff;\" href=\"mailto:info@elpo.eu\">info@elpo.eu<\/a><\/span><\/p>\n<\/div><\/div><\/div><\/div><\/div>\n","protected":false},"excerpt":{"rendered":"","protected":false},"author":10,"featured_media":0,"parent":0,"menu_order":72,"comment_status":"closed","ping_status":"closed","template":"100-width.php","meta":{"footnotes":""},"class_list":["post-3280","page","type-page","status-publish","hentry"],"pp_statuses_selecting_workflow":false,"pp_workflow_action":"current","pp_status_selection":"publish","yoast_head":"<!-- This site is optimized with the Yoast SEO plugin v27.3 - https:\/\/yoast.com\/product\/yoast-seo-wordpress\/ -->\n<title>Contatto - Elpo \u00b7 Ihr Elektrotechniker in Bruneck \u00b7 S\u00fcdtirol<\/title>\n<meta name=\"description\" content=\"F\u00fcllen Sie unser Kontakt Formular aus. egal, ob Sie eine gro\u00dfe Idee haben oder etwas Inspiration bei einem Projekt brauchen, wir sind\u00a0f\u00fcr Sie da.\" \/>\n<meta name=\"robots\" content=\"index, follow, max-snippet:-1, max-image-preview:large, max-video-preview:-1\" \/>\n<link rel=\"canonical\" href=\"https:\/\/www.elpo.eu\/it\/contatto\/\" \/>\n<meta property=\"og:locale\" content=\"it_IT\" \/>\n<meta property=\"og:type\" content=\"article\" \/>\n<meta property=\"og:title\" content=\"Contatto - Elpo \u00b7 Ihr Elektrotechniker in Bruneck \u00b7 S\u00fcdtirol\" \/>\n<meta property=\"og:description\" content=\"F\u00fcllen Sie unser Kontakt Formular aus. egal, ob Sie eine gro\u00dfe Idee haben oder etwas Inspiration bei einem Projekt brauchen, wir sind\u00a0f\u00fcr Sie da.\" \/>\n<meta property=\"og:url\" content=\"https:\/\/www.elpo.eu\/it\/contatto\/\" \/>\n<meta property=\"og:site_name\" content=\"Elpo \u00b7 Ihr Elektrotechniker in Bruneck \u00b7 S\u00fcdtirol\" \/>\n<meta property=\"article:publisher\" content=\"https:\/\/www.facebook.com\/elpo.gmbh\" \/>\n<meta property=\"article:modified_time\" content=\"2026-03-12T11:30:30+00:00\" \/>\n<meta name=\"twitter:card\" content=\"summary_large_image\" \/>\n<meta name=\"twitter:label1\" content=\"Tempo di lettura stimato\" \/>\n\t<meta name=\"twitter:data1\" content=\"6 minuti\" \/>\n<script type=\"application\/ld+json\" class=\"yoast-schema-graph\">{\"@context\":\"https:\\\/\\\/schema.org\",\"@graph\":[{\"@type\":\"WebPage\",\"@id\":\"https:\\\/\\\/www.elpo.eu\\\/it\\\/contatto\\\/\",\"url\":\"https:\\\/\\\/www.elpo.eu\\\/it\\\/contatto\\\/\",\"name\":\"Contatto - Elpo \u00b7 Ihr Elektrotechniker in Bruneck \u00b7 S\u00fcdtirol\",\"isPartOf\":{\"@id\":\"https:\\\/\\\/www.elpo.eu\\\/it\\\/#website\"},\"datePublished\":\"2020-12-14T14:51:55+00:00\",\"dateModified\":\"2026-03-12T11:30:30+00:00\",\"description\":\"F\u00fcllen Sie unser Kontakt Formular aus. egal, ob Sie eine gro\u00dfe Idee haben oder etwas Inspiration bei einem Projekt brauchen, wir sind\u00a0f\u00fcr Sie da.\",\"breadcrumb\":{\"@id\":\"https:\\\/\\\/www.elpo.eu\\\/it\\\/contatto\\\/#breadcrumb\"},\"inLanguage\":\"it-IT\",\"potentialAction\":[{\"@type\":\"ReadAction\",\"target\":[\"https:\\\/\\\/www.elpo.eu\\\/it\\\/contatto\\\/\"]}]},{\"@type\":\"BreadcrumbList\",\"@id\":\"https:\\\/\\\/www.elpo.eu\\\/it\\\/contatto\\\/#breadcrumb\",\"itemListElement\":[{\"@type\":\"ListItem\",\"position\":1,\"name\":\"Home\",\"item\":\"https:\\\/\\\/www.elpo.eu\\\/it\\\/\"},{\"@type\":\"ListItem\",\"position\":2,\"name\":\"Contatto\"}]},{\"@type\":\"WebSite\",\"@id\":\"https:\\\/\\\/www.elpo.eu\\\/it\\\/#website\",\"url\":\"https:\\\/\\\/www.elpo.eu\\\/it\\\/\",\"name\":\"Elpo \u00b7 Ihr Elektrotechniker in Bruneck \u00b7 S\u00fcdtirol\",\"description\":\"Elektrotechnik \u00b7 Elektriker \u00b7 Green Energy \u00b7 Automation \u00b7 Photovoltaik \u00b7 Service \u00b7 Fachhandel\",\"potentialAction\":[{\"@type\":\"SearchAction\",\"target\":{\"@type\":\"EntryPoint\",\"urlTemplate\":\"https:\\\/\\\/www.elpo.eu\\\/it\\\/?s={search_term_string}\"},\"query-input\":{\"@type\":\"PropertyValueSpecification\",\"valueRequired\":true,\"valueName\":\"search_term_string\"}}],\"inLanguage\":\"it-IT\"}]}<\/script>\n<!-- \/ Yoast SEO plugin. -->","yoast_head_json":{"title":"Contatto - Elpo \u00b7 Ihr Elektrotechniker in Bruneck \u00b7 S\u00fcdtirol","description":"F\u00fcllen Sie unser Kontakt Formular aus. egal, ob Sie eine gro\u00dfe Idee haben oder etwas Inspiration bei einem Projekt brauchen, wir sind\u00a0f\u00fcr Sie da.","robots":{"index":"index","follow":"follow","max-snippet":"max-snippet:-1","max-image-preview":"max-image-preview:large","max-video-preview":"max-video-preview:-1"},"canonical":"https:\/\/www.elpo.eu\/it\/contatto\/","og_locale":"it_IT","og_type":"article","og_title":"Contatto - Elpo \u00b7 Ihr Elektrotechniker in Bruneck \u00b7 S\u00fcdtirol","og_description":"F\u00fcllen Sie unser Kontakt Formular aus. egal, ob Sie eine gro\u00dfe Idee haben oder etwas Inspiration bei einem Projekt brauchen, wir sind\u00a0f\u00fcr Sie da.","og_url":"https:\/\/www.elpo.eu\/it\/contatto\/","og_site_name":"Elpo \u00b7 Ihr Elektrotechniker in Bruneck \u00b7 S\u00fcdtirol","article_publisher":"https:\/\/www.facebook.com\/elpo.gmbh","article_modified_time":"2026-03-12T11:30:30+00:00","twitter_card":"summary_large_image","twitter_misc":{"Tempo di lettura stimato":"6 minuti"},"schema":{"@context":"https:\/\/schema.org","@graph":[{"@type":"WebPage","@id":"https:\/\/www.elpo.eu\/it\/contatto\/","url":"https:\/\/www.elpo.eu\/it\/contatto\/","name":"Contatto - Elpo \u00b7 Ihr Elektrotechniker in Bruneck \u00b7 S\u00fcdtirol","isPartOf":{"@id":"https:\/\/www.elpo.eu\/it\/#website"},"datePublished":"2020-12-14T14:51:55+00:00","dateModified":"2026-03-12T11:30:30+00:00","description":"F\u00fcllen Sie unser Kontakt Formular aus. egal, ob Sie eine gro\u00dfe Idee haben oder etwas Inspiration bei einem Projekt brauchen, wir sind\u00a0f\u00fcr Sie da.","breadcrumb":{"@id":"https:\/\/www.elpo.eu\/it\/contatto\/#breadcrumb"},"inLanguage":"it-IT","potentialAction":[{"@type":"ReadAction","target":["https:\/\/www.elpo.eu\/it\/contatto\/"]}]},{"@type":"BreadcrumbList","@id":"https:\/\/www.elpo.eu\/it\/contatto\/#breadcrumb","itemListElement":[{"@type":"ListItem","position":1,"name":"Home","item":"https:\/\/www.elpo.eu\/it\/"},{"@type":"ListItem","position":2,"name":"Contatto"}]},{"@type":"WebSite","@id":"https:\/\/www.elpo.eu\/it\/#website","url":"https:\/\/www.elpo.eu\/it\/","name":"Elpo \u00b7 Ihr Elektrotechniker in Bruneck \u00b7 S\u00fcdtirol","description":"Elektrotechnik \u00b7 Elektriker \u00b7 Green Energy \u00b7 Automation \u00b7 Photovoltaik \u00b7 Service \u00b7 Fachhandel","potentialAction":[{"@type":"SearchAction","target":{"@type":"EntryPoint","urlTemplate":"https:\/\/www.elpo.eu\/it\/?s={search_term_string}"},"query-input":{"@type":"PropertyValueSpecification","valueRequired":true,"valueName":"search_term_string"}}],"inLanguage":"it-IT"}]}},"_links":{"self":[{"href":"https:\/\/www.elpo.eu\/it\/wp-json\/wp\/v2\/pages\/3280","targetHints":{"allow":["GET"]}}],"collection":[{"href":"https:\/\/www.elpo.eu\/it\/wp-json\/wp\/v2\/pages"}],"about":[{"href":"https:\/\/www.elpo.eu\/it\/wp-json\/wp\/v2\/types\/page"}],"author":[{"embeddable":true,"href":"https:\/\/www.elpo.eu\/it\/wp-json\/wp\/v2\/users\/10"}],"replies":[{"embeddable":true,"href":"https:\/\/www.elpo.eu\/it\/wp-json\/wp\/v2\/comments?post=3280"}],"version-history":[{"count":10,"href":"https:\/\/www.elpo.eu\/it\/wp-json\/wp\/v2\/pages\/3280\/revisions"}],"predecessor-version":[{"id":9668,"href":"https:\/\/www.elpo.eu\/it\/wp-json\/wp\/v2\/pages\/3280\/revisions\/9668"}],"wp:attachment":[{"href":"https:\/\/www.elpo.eu\/it\/wp-json\/wp\/v2\/media?parent=3280"}],"curies":[{"name":"wp","href":"https:\/\/api.w.org\/{rel}","templated":true}]}}