{"id":8433,"date":"2023-12-14T11:01:04","date_gmt":"2023-12-14T10:01:04","guid":{"rendered":"https:\/\/www.elpo.eu\/?page_id=8433"},"modified":"2023-12-18T09:10:26","modified_gmt":"2023-12-18T08:10:26","slug":"whistleblowing","status":"publish","type":"page","link":"https:\/\/www.elpo.eu\/it\/whistleblowing\/","title":{"rendered":"Whistleblowing"},"content":{"rendered":"<div class=\"fusion-fullwidth fullwidth-box fusion-builder-row-1 fusion-flex-container has-pattern-background has-mask-background nonhundred-percent-fullwidth non-hundred-percent-height-scrolling\" style=\"--awb-border-radius-top-left:0px;--awb-border-radius-top-right:0px;--awb-border-radius-bottom-right:0px;--awb-border-radius-bottom-left:0px;--awb-flex-wrap:wrap;\" ><div class=\"fusion-builder-row fusion-row fusion-flex-align-items-flex-start fusion-flex-content-wrap\" style=\"max-width:1248px;margin-left: calc(-4% \/ 2 );margin-right: calc(-4% \/ 2 );\"><div class=\"fusion-layout-column fusion_builder_column fusion-builder-column-0 fusion_builder_column_1_1 1_1 fusion-flex-column\" style=\"--awb-bg-size:cover;--awb-width-large:100%;--awb-margin-top-large:0px;--awb-spacing-right-large:1.92%;--awb-margin-bottom-large:20px;--awb-spacing-left-large:1.92%;--awb-width-medium:100%;--awb-order-medium:0;--awb-spacing-right-medium:1.92%;--awb-spacing-left-medium:1.92%;--awb-width-small:100%;--awb-order-small:0;--awb-spacing-right-small:1.92%;--awb-spacing-left-small:1.92%;\"><div class=\"fusion-column-wrapper fusion-column-has-shadow fusion-flex-justify-content-flex-start fusion-content-layout-column\"><div class=\"fusion-text fusion-text-1\"><h3><strong>WHISTLEBLOWING \u2013 SEGNALAZIONI AI SENSI DEL D.LGS. 24\/2023<\/strong><\/h3>\n<p>Con d.lgs. 24\/2023, il legislatore italiano ha recepito la Direttiva (UE) 2019\/1937 riguardante la protezione delle persone che segnalano violazioni del diritto dell\u2019Unione europea. La nuova disciplina \u00e8 orientata a garantire la protezione dei segnalanti che si espongono al rischio di essere destinatari di ritorsioni.<br \/>\nAccedendo alla <a href=\"https:\/\/elpo.trusty.report\" target=\"_blank\" rel=\"noopener\"><strong><u>presente piattaforma<\/u><\/strong><\/a> criptata, potr\u00e0 segnalare violazioni del diritto dell\u2019Unione europea (ad esempio: illeciti civili, amministrativi, contabili, reati, violazioni del Modello organizzativo 231\/01, ecc.) delle quali \u00e8 a conoscenza.<br \/>\nPotr\u00e0 scegliere se comunicarci i Suoi dati personali o se effettuare una segnalazione anonima. In ogni caso, \u00e8 garantito il trattamento riservato della Sua identit\u00e0 e dei Suoi dati personali.<br \/>\nEntro 7 giorni dalla data di ricezione della segnalazione, otterr\u00e0 un avviso di ricevimento generato dal sistema, contenente anche un codice di ricevuta da utilizzare per qualsiasi attivit\u00e0 di <em>follow-up. <\/em>Entro i tre mesi successivi avr\u00e0 un riscontro scritto da parte del gestore del canale interno di segnalazione.<br \/>\nRicordiamo che la legge tutela i segnalanti in buona fede da qualsiasi atto di ritorsione posto in essere in ragione della segnalazione.<\/p>\n<p><a href=\"https:\/\/www.elpo.eu\/it\/informativa-privacy_whistleblowing\/\"><u>Informativa Privacy<\/u><\/a> per Whistleblower.<\/p>\n<\/div><\/div><\/div><\/div><\/div>\n","protected":false},"excerpt":{"rendered":"","protected":false},"author":10,"featured_media":0,"parent":0,"menu_order":0,"comment_status":"closed","ping_status":"closed","template":"100-width.php","meta":{"footnotes":""},"class_list":["post-8433","page","type-page","status-publish","hentry"],"pp_statuses_selecting_workflow":false,"pp_workflow_action":"current","pp_status_selection":"publish","yoast_head":"<!-- This site is optimized with the Yoast SEO plugin v27.3 - https:\/\/yoast.com\/product\/yoast-seo-wordpress\/ -->\n<title>Whistleblowing - Elpo \u00b7 Ihr Elektrotechniker in Bruneck \u00b7 S\u00fcdtirol<\/title>\n<meta name=\"robots\" content=\"index, follow, max-snippet:-1, max-image-preview:large, max-video-preview:-1\" \/>\n<link rel=\"canonical\" href=\"https:\/\/www.elpo.eu\/it\/whistleblowing\/\" \/>\n<meta property=\"og:locale\" content=\"it_IT\" \/>\n<meta property=\"og:type\" content=\"article\" \/>\n<meta property=\"og:title\" content=\"Whistleblowing - Elpo \u00b7 Ihr Elektrotechniker in Bruneck \u00b7 S\u00fcdtirol\" \/>\n<meta property=\"og:url\" content=\"https:\/\/www.elpo.eu\/it\/whistleblowing\/\" \/>\n<meta property=\"og:site_name\" content=\"Elpo \u00b7 Ihr Elektrotechniker in Bruneck \u00b7 S\u00fcdtirol\" \/>\n<meta property=\"article:publisher\" content=\"https:\/\/www.facebook.com\/elpo.gmbh\" \/>\n<meta property=\"article:modified_time\" content=\"2023-12-18T08:10:26+00:00\" \/>\n<meta name=\"twitter:card\" content=\"summary_large_image\" \/>\n<meta name=\"twitter:label1\" content=\"Tempo di lettura stimato\" \/>\n\t<meta name=\"twitter:data1\" content=\"3 minuti\" \/>\n<script type=\"application\/ld+json\" class=\"yoast-schema-graph\">{\"@context\":\"https:\\\/\\\/schema.org\",\"@graph\":[{\"@type\":\"WebPage\",\"@id\":\"https:\\\/\\\/www.elpo.eu\\\/it\\\/whistleblowing\\\/\",\"url\":\"https:\\\/\\\/www.elpo.eu\\\/it\\\/whistleblowing\\\/\",\"name\":\"Whistleblowing - Elpo \u00b7 Ihr Elektrotechniker in Bruneck \u00b7 S\u00fcdtirol\",\"isPartOf\":{\"@id\":\"https:\\\/\\\/www.elpo.eu\\\/it\\\/#website\"},\"datePublished\":\"2023-12-14T10:01:04+00:00\",\"dateModified\":\"2023-12-18T08:10:26+00:00\",\"breadcrumb\":{\"@id\":\"https:\\\/\\\/www.elpo.eu\\\/it\\\/whistleblowing\\\/#breadcrumb\"},\"inLanguage\":\"it-IT\",\"potentialAction\":[{\"@type\":\"ReadAction\",\"target\":[\"https:\\\/\\\/www.elpo.eu\\\/it\\\/whistleblowing\\\/\"]}]},{\"@type\":\"BreadcrumbList\",\"@id\":\"https:\\\/\\\/www.elpo.eu\\\/it\\\/whistleblowing\\\/#breadcrumb\",\"itemListElement\":[{\"@type\":\"ListItem\",\"position\":1,\"name\":\"Home\",\"item\":\"https:\\\/\\\/www.elpo.eu\\\/it\\\/\"},{\"@type\":\"ListItem\",\"position\":2,\"name\":\"Whistleblowing\"}]},{\"@type\":\"WebSite\",\"@id\":\"https:\\\/\\\/www.elpo.eu\\\/it\\\/#website\",\"url\":\"https:\\\/\\\/www.elpo.eu\\\/it\\\/\",\"name\":\"Elpo \u00b7 Ihr Elektrotechniker in Bruneck \u00b7 S\u00fcdtirol\",\"description\":\"Elektrotechnik \u00b7 Elektriker \u00b7 Green Energy \u00b7 Automation \u00b7 Photovoltaik \u00b7 Service \u00b7 Fachhandel\",\"potentialAction\":[{\"@type\":\"SearchAction\",\"target\":{\"@type\":\"EntryPoint\",\"urlTemplate\":\"https:\\\/\\\/www.elpo.eu\\\/it\\\/?s={search_term_string}\"},\"query-input\":{\"@type\":\"PropertyValueSpecification\",\"valueRequired\":true,\"valueName\":\"search_term_string\"}}],\"inLanguage\":\"it-IT\"}]}<\/script>\n<!-- \/ Yoast SEO plugin. -->","yoast_head_json":{"title":"Whistleblowing - Elpo \u00b7 Ihr Elektrotechniker in Bruneck \u00b7 S\u00fcdtirol","robots":{"index":"index","follow":"follow","max-snippet":"max-snippet:-1","max-image-preview":"max-image-preview:large","max-video-preview":"max-video-preview:-1"},"canonical":"https:\/\/www.elpo.eu\/it\/whistleblowing\/","og_locale":"it_IT","og_type":"article","og_title":"Whistleblowing - Elpo \u00b7 Ihr Elektrotechniker in Bruneck \u00b7 S\u00fcdtirol","og_url":"https:\/\/www.elpo.eu\/it\/whistleblowing\/","og_site_name":"Elpo \u00b7 Ihr Elektrotechniker in Bruneck \u00b7 S\u00fcdtirol","article_publisher":"https:\/\/www.facebook.com\/elpo.gmbh","article_modified_time":"2023-12-18T08:10:26+00:00","twitter_card":"summary_large_image","twitter_misc":{"Tempo di lettura stimato":"3 minuti"},"schema":{"@context":"https:\/\/schema.org","@graph":[{"@type":"WebPage","@id":"https:\/\/www.elpo.eu\/it\/whistleblowing\/","url":"https:\/\/www.elpo.eu\/it\/whistleblowing\/","name":"Whistleblowing - Elpo \u00b7 Ihr Elektrotechniker in Bruneck \u00b7 S\u00fcdtirol","isPartOf":{"@id":"https:\/\/www.elpo.eu\/it\/#website"},"datePublished":"2023-12-14T10:01:04+00:00","dateModified":"2023-12-18T08:10:26+00:00","breadcrumb":{"@id":"https:\/\/www.elpo.eu\/it\/whistleblowing\/#breadcrumb"},"inLanguage":"it-IT","potentialAction":[{"@type":"ReadAction","target":["https:\/\/www.elpo.eu\/it\/whistleblowing\/"]}]},{"@type":"BreadcrumbList","@id":"https:\/\/www.elpo.eu\/it\/whistleblowing\/#breadcrumb","itemListElement":[{"@type":"ListItem","position":1,"name":"Home","item":"https:\/\/www.elpo.eu\/it\/"},{"@type":"ListItem","position":2,"name":"Whistleblowing"}]},{"@type":"WebSite","@id":"https:\/\/www.elpo.eu\/it\/#website","url":"https:\/\/www.elpo.eu\/it\/","name":"Elpo \u00b7 Ihr Elektrotechniker in Bruneck \u00b7 S\u00fcdtirol","description":"Elektrotechnik \u00b7 Elektriker \u00b7 Green Energy \u00b7 Automation \u00b7 Photovoltaik \u00b7 Service \u00b7 Fachhandel","potentialAction":[{"@type":"SearchAction","target":{"@type":"EntryPoint","urlTemplate":"https:\/\/www.elpo.eu\/it\/?s={search_term_string}"},"query-input":{"@type":"PropertyValueSpecification","valueRequired":true,"valueName":"search_term_string"}}],"inLanguage":"it-IT"}]}},"_links":{"self":[{"href":"https:\/\/www.elpo.eu\/it\/wp-json\/wp\/v2\/pages\/8433","targetHints":{"allow":["GET"]}}],"collection":[{"href":"https:\/\/www.elpo.eu\/it\/wp-json\/wp\/v2\/pages"}],"about":[{"href":"https:\/\/www.elpo.eu\/it\/wp-json\/wp\/v2\/types\/page"}],"author":[{"embeddable":true,"href":"https:\/\/www.elpo.eu\/it\/wp-json\/wp\/v2\/users\/10"}],"replies":[{"embeddable":true,"href":"https:\/\/www.elpo.eu\/it\/wp-json\/wp\/v2\/comments?post=8433"}],"version-history":[{"count":4,"href":"https:\/\/www.elpo.eu\/it\/wp-json\/wp\/v2\/pages\/8433\/revisions"}],"predecessor-version":[{"id":8453,"href":"https:\/\/www.elpo.eu\/it\/wp-json\/wp\/v2\/pages\/8433\/revisions\/8453"}],"wp:attachment":[{"href":"https:\/\/www.elpo.eu\/it\/wp-json\/wp\/v2\/media?parent=8433"}],"curies":[{"name":"wp","href":"https:\/\/api.w.org\/{rel}","templated":true}]}}