{"id":8572,"date":"2024-01-18T13:41:23","date_gmt":"2024-01-18T12:41:23","guid":{"rendered":"https:\/\/www.elpo.eu\/8572-2\/"},"modified":"2024-05-07T08:43:13","modified_gmt":"2024-05-07T06:43:13","slug":"politica-parita-di-genere","status":"publish","type":"page","link":"https:\/\/www.elpo.eu\/it\/politica-parita-di-genere\/","title":{"rendered":"Politica per la Parit\u00e0 di Genere"},"content":{"rendered":"<div class=\"fusion-fullwidth fullwidth-box fusion-builder-row-1 fusion-flex-container has-pattern-background has-mask-background nonhundred-percent-fullwidth non-hundred-percent-height-scrolling\" style=\"--awb-border-radius-top-left:0px;--awb-border-radius-top-right:0px;--awb-border-radius-bottom-right:0px;--awb-border-radius-bottom-left:0px;--awb-flex-wrap:wrap;\" ><div class=\"fusion-builder-row fusion-row fusion-flex-align-items-flex-start fusion-flex-content-wrap\" style=\"max-width:1248px;margin-left: calc(-4% \/ 2 );margin-right: calc(-4% \/ 2 );\"><div class=\"fusion-layout-column fusion_builder_column fusion-builder-column-0 fusion_builder_column_1_1 1_1 fusion-flex-column\" style=\"--awb-bg-size:cover;--awb-width-large:100%;--awb-margin-top-large:0px;--awb-spacing-right-large:1.92%;--awb-margin-bottom-large:20px;--awb-spacing-left-large:1.92%;--awb-width-medium:100%;--awb-order-medium:0;--awb-spacing-right-medium:1.92%;--awb-spacing-left-medium:1.92%;--awb-width-small:100%;--awb-order-small:0;--awb-spacing-right-small:1.92%;--awb-spacing-left-small:1.92%;\"><div class=\"fusion-column-wrapper fusion-column-has-shadow fusion-flex-justify-content-flex-start fusion-content-layout-column\"><div class=\"fusion-text fusion-text-1\"><h1><strong>POLITICA PARIT\u00c0 DI GENERE<\/strong><\/h1>\n<\/div><div class=\"fusion-text fusion-text-2\"><p>In Elpo ci impegniamo a guadagnare e mantenere la fiducia dei nostri collaboratori, clienti, partners, investitori e della comunit\u00e0 in genere.<\/p>\n<p>Ci sforziamo al massimo di creare un ambiente di lavoro che sostiene i valori della diversit\u00e0, dell\u2019inclusione e della parit\u00e0 di genere attraverso l\u2019adozione di meccanismi societari, organizzativi e gestionali improntati al rispetto dei diritti e della libert\u00e0 e dignit\u00e0 delle persone.<\/p>\n<p>Elpo opera secondo la Prassi <strong>UNI\/PdR 125:2022<\/strong> per valorizzare le diversit\u00e0 e supportare l\u2019empowerment femminile e si impegna in particolare di:<\/p>\n<ul>\n<li>rispettare i principi costituzionali di parit\u00e0 di uguaglianza;<\/li>\n<li>impegnarsi a perseguire la parit\u00e0 di genere, valorizzando le diversit\u00e0;<\/li>\n<li>adottare politiche atte a favorire l\u2019empowerment femminile;<\/li>\n<li>adottare misure che favoriscano l\u2019effettiva parit\u00e0 tra uomini e donne nel mondo del lavoro;<\/li>\n<li>promuovere politiche di Welfare con aiuti concreti alle famiglie dei propri dipendenti sia in termini di orari di lavoro flessibili che di lavoro agile e permessi speciali per la cura dei figli.<\/li>\n<li>garantire condizioni di lavoro sempre migliori ed eque per i nostri lavoratori, applicando e rispettando tutte le disposizioni legislative in materia, nazionali ed internazionali, i contratti collettivi;<\/li>\n<li>assicurare a tutto il personale adeguata formazione e informazione in materia di etica, inclusivit\u00e0 e pari opportunit\u00e0;<\/li>\n<li>selezionare, valutare e prediligere i fornitori anche sulla base della loro capacit\u00e0 di rispettare i diritti umani dei propri dipendenti, valutare gli impatti di salute e sicurezza sulle persone e mantenere e gestire nel tempo sistemi di gestione aziendale certificati;<\/li>\n<li>realizzare audit e verifiche periodiche interne volte ad accertare il rispetto dei requisiti sociali di parit\u00e0, pianificando ed attuando eventuali azioni correttive e di miglioramento laddove necessario;<\/li>\n<li>rispettare le disposizioni legislative in materia di pari opportunit\u00e0, diversit\u00e0 e inclusivit\u00e0 di ogni genere;<\/li>\n<li>implementare, attuare e mantenere nel tempo il rispetto dei requisiti per la Parit\u00e0 di Genere ed adeguarsi ai nuovi requisiti eventualmente richiesti.<\/li>\n<\/ul>\n<p>La politica punta a sviluppare un approccio chiaro in termini di missione, strategie e pratiche attive al fine di stimolare un ambiente di lavoro collaborativo, solidale aperto ai contributi di tutto il personale. L\u2019obiettivo \u00e8 quello di favorire la diversit\u00e0 in tutte le sue dimensioni per coglierne al massimo le opportunit\u00e0 derivanti e generare valore all\u2019interno degli ambienti di lavoro ottenendo anche un vantaggio competitivo sul business.<\/p>\n<p>La presente politica viene resa disponibile per la consultazione in Intranet e sul nostro sito web.<\/p>\n<p>Brunico, 22\/12\/2023<\/p>\n<\/div><div class=\"fusion-image-element \" style=\"text-align:center;--awb-caption-title-font-family:var(--h2_typography-font-family);--awb-caption-title-font-weight:var(--h2_typography-font-weight);--awb-caption-title-font-style:var(--h2_typography-font-style);--awb-caption-title-size:var(--h2_typography-font-size);--awb-caption-title-transform:var(--h2_typography-text-transform);--awb-caption-title-line-height:var(--h2_typography-line-height);--awb-caption-title-letter-spacing:var(--h2_typography-letter-spacing);\"><span class=\" fusion-imageframe imageframe-none imageframe-1 hover-type-none\"><img fetchpriority=\"high\" fetchpriority=\"high\" decoding=\"async\" width=\"800\" height=\"800\" title=\"International Women&#8217;s Day (1)-min\" src=\"https:\/\/www.elpo.eu\/wp-content\/uploads\/2024\/05\/International-Womens-Day-1-min.png\" data-orig-src=\"https:\/\/www.elpo.eu\/wp-content\/uploads\/2024\/05\/International-Womens-Day-1-min-800x800.png\" alt class=\"lazyload img-responsive wp-image-9090\" srcset=\"data:image\/svg+xml,%3Csvg%20xmlns%3D%27http%3A%2F%2Fwww.w3.org%2F2000%2Fsvg%27%20width%3D%271350%27%20height%3D%271350%27%20viewBox%3D%270%200%201350%201350%27%3E%3Crect%20width%3D%271350%27%20height%3D%271350%27%20fill-opacity%3D%220%22%2F%3E%3C%2Fsvg%3E\" data-srcset=\"https:\/\/www.elpo.eu\/wp-content\/uploads\/2024\/05\/International-Womens-Day-1-min-200x200.png 200w, https:\/\/www.elpo.eu\/wp-content\/uploads\/2024\/05\/International-Womens-Day-1-min-400x400.png 400w, https:\/\/www.elpo.eu\/wp-content\/uploads\/2024\/05\/International-Womens-Day-1-min-600x600.png 600w, https:\/\/www.elpo.eu\/wp-content\/uploads\/2024\/05\/International-Womens-Day-1-min-800x800.png 800w, https:\/\/www.elpo.eu\/wp-content\/uploads\/2024\/05\/International-Womens-Day-1-min-1200x1200.png 1200w, https:\/\/www.elpo.eu\/wp-content\/uploads\/2024\/05\/International-Womens-Day-1-min.png 1350w\" data-sizes=\"auto\" data-orig-sizes=\"(max-width: 640px) 100vw, 1200px\" \/><\/span><\/div><\/div><\/div><\/div><\/div>\n","protected":false},"excerpt":{"rendered":"","protected":false},"author":10,"featured_media":0,"parent":0,"menu_order":0,"comment_status":"closed","ping_status":"closed","template":"","meta":{"footnotes":""},"class_list":["post-8572","page","type-page","status-publish","hentry"],"pp_statuses_selecting_workflow":false,"pp_workflow_action":"current","pp_status_selection":"publish","yoast_head":"<!-- This site is optimized with the Yoast SEO plugin v27.4 - https:\/\/yoast.com\/product\/yoast-seo-wordpress\/ -->\n<title>Politica per la Parit\u00e0 di Genere - Elpo \u00b7 Ihr Elektrotechniker in Bruneck \u00b7 S\u00fcdtirol<\/title>\n<meta name=\"robots\" content=\"index, follow, max-snippet:-1, max-image-preview:large, max-video-preview:-1\" \/>\n<link rel=\"canonical\" href=\"https:\/\/www.elpo.eu\/it\/politica-parita-di-genere\/\" \/>\n<meta property=\"og:locale\" content=\"it_IT\" \/>\n<meta property=\"og:type\" content=\"article\" \/>\n<meta property=\"og:title\" content=\"Politica per la Parit\u00e0 di Genere - Elpo \u00b7 Ihr Elektrotechniker in Bruneck \u00b7 S\u00fcdtirol\" \/>\n<meta property=\"og:url\" content=\"https:\/\/www.elpo.eu\/it\/politica-parita-di-genere\/\" \/>\n<meta property=\"og:site_name\" content=\"Elpo \u00b7 Ihr Elektrotechniker in Bruneck \u00b7 S\u00fcdtirol\" \/>\n<meta property=\"article:publisher\" content=\"https:\/\/www.facebook.com\/elpo.gmbh\" \/>\n<meta property=\"article:modified_time\" content=\"2024-05-07T06:43:13+00:00\" \/>\n<meta name=\"twitter:card\" content=\"summary_large_image\" \/>\n<meta name=\"twitter:label1\" content=\"Tempo di lettura stimato\" \/>\n\t<meta name=\"twitter:data1\" content=\"3 minuti\" \/>\n<script type=\"application\/ld+json\" class=\"yoast-schema-graph\">{\"@context\":\"https:\\\/\\\/schema.org\",\"@graph\":[{\"@type\":\"WebPage\",\"@id\":\"https:\\\/\\\/www.elpo.eu\\\/it\\\/politica-parita-di-genere\\\/\",\"url\":\"https:\\\/\\\/www.elpo.eu\\\/it\\\/politica-parita-di-genere\\\/\",\"name\":\"Politica per la Parit\u00e0 di Genere - Elpo \u00b7 Ihr Elektrotechniker in Bruneck \u00b7 S\u00fcdtirol\",\"isPartOf\":{\"@id\":\"https:\\\/\\\/www.elpo.eu\\\/it\\\/#website\"},\"datePublished\":\"2024-01-18T12:41:23+00:00\",\"dateModified\":\"2024-05-07T06:43:13+00:00\",\"breadcrumb\":{\"@id\":\"https:\\\/\\\/www.elpo.eu\\\/it\\\/politica-parita-di-genere\\\/#breadcrumb\"},\"inLanguage\":\"it-IT\",\"potentialAction\":[{\"@type\":\"ReadAction\",\"target\":[\"https:\\\/\\\/www.elpo.eu\\\/it\\\/politica-parita-di-genere\\\/\"]}]},{\"@type\":\"BreadcrumbList\",\"@id\":\"https:\\\/\\\/www.elpo.eu\\\/it\\\/politica-parita-di-genere\\\/#breadcrumb\",\"itemListElement\":[{\"@type\":\"ListItem\",\"position\":1,\"name\":\"Home\",\"item\":\"https:\\\/\\\/www.elpo.eu\\\/it\\\/\"},{\"@type\":\"ListItem\",\"position\":2,\"name\":\"Politica per la Parit\u00e0 di Genere\"}]},{\"@type\":\"WebSite\",\"@id\":\"https:\\\/\\\/www.elpo.eu\\\/it\\\/#website\",\"url\":\"https:\\\/\\\/www.elpo.eu\\\/it\\\/\",\"name\":\"Elpo \u00b7 Ihr Elektrotechniker in Bruneck \u00b7 S\u00fcdtirol\",\"description\":\"Elektrotechnik \u00b7 Elektriker \u00b7 Green Energy \u00b7 Automation \u00b7 Photovoltaik \u00b7 Service \u00b7 Fachhandel\",\"potentialAction\":[{\"@type\":\"SearchAction\",\"target\":{\"@type\":\"EntryPoint\",\"urlTemplate\":\"https:\\\/\\\/www.elpo.eu\\\/it\\\/?s={search_term_string}\"},\"query-input\":{\"@type\":\"PropertyValueSpecification\",\"valueRequired\":true,\"valueName\":\"search_term_string\"}}],\"inLanguage\":\"it-IT\"}]}<\/script>\n<!-- \/ Yoast SEO plugin. -->","yoast_head_json":{"title":"Politica per la Parit\u00e0 di Genere - Elpo \u00b7 Ihr Elektrotechniker in Bruneck \u00b7 S\u00fcdtirol","robots":{"index":"index","follow":"follow","max-snippet":"max-snippet:-1","max-image-preview":"max-image-preview:large","max-video-preview":"max-video-preview:-1"},"canonical":"https:\/\/www.elpo.eu\/it\/politica-parita-di-genere\/","og_locale":"it_IT","og_type":"article","og_title":"Politica per la Parit\u00e0 di Genere - Elpo \u00b7 Ihr Elektrotechniker in Bruneck \u00b7 S\u00fcdtirol","og_url":"https:\/\/www.elpo.eu\/it\/politica-parita-di-genere\/","og_site_name":"Elpo \u00b7 Ihr Elektrotechniker in Bruneck \u00b7 S\u00fcdtirol","article_publisher":"https:\/\/www.facebook.com\/elpo.gmbh","article_modified_time":"2024-05-07T06:43:13+00:00","twitter_card":"summary_large_image","twitter_misc":{"Tempo di lettura stimato":"3 minuti"},"schema":{"@context":"https:\/\/schema.org","@graph":[{"@type":"WebPage","@id":"https:\/\/www.elpo.eu\/it\/politica-parita-di-genere\/","url":"https:\/\/www.elpo.eu\/it\/politica-parita-di-genere\/","name":"Politica per la Parit\u00e0 di Genere - Elpo \u00b7 Ihr Elektrotechniker in Bruneck \u00b7 S\u00fcdtirol","isPartOf":{"@id":"https:\/\/www.elpo.eu\/it\/#website"},"datePublished":"2024-01-18T12:41:23+00:00","dateModified":"2024-05-07T06:43:13+00:00","breadcrumb":{"@id":"https:\/\/www.elpo.eu\/it\/politica-parita-di-genere\/#breadcrumb"},"inLanguage":"it-IT","potentialAction":[{"@type":"ReadAction","target":["https:\/\/www.elpo.eu\/it\/politica-parita-di-genere\/"]}]},{"@type":"BreadcrumbList","@id":"https:\/\/www.elpo.eu\/it\/politica-parita-di-genere\/#breadcrumb","itemListElement":[{"@type":"ListItem","position":1,"name":"Home","item":"https:\/\/www.elpo.eu\/it\/"},{"@type":"ListItem","position":2,"name":"Politica per la Parit\u00e0 di Genere"}]},{"@type":"WebSite","@id":"https:\/\/www.elpo.eu\/it\/#website","url":"https:\/\/www.elpo.eu\/it\/","name":"Elpo \u00b7 Ihr Elektrotechniker in Bruneck \u00b7 S\u00fcdtirol","description":"Elektrotechnik \u00b7 Elektriker \u00b7 Green Energy \u00b7 Automation \u00b7 Photovoltaik \u00b7 Service \u00b7 Fachhandel","potentialAction":[{"@type":"SearchAction","target":{"@type":"EntryPoint","urlTemplate":"https:\/\/www.elpo.eu\/it\/?s={search_term_string}"},"query-input":{"@type":"PropertyValueSpecification","valueRequired":true,"valueName":"search_term_string"}}],"inLanguage":"it-IT"}]}},"_links":{"self":[{"href":"https:\/\/www.elpo.eu\/it\/wp-json\/wp\/v2\/pages\/8572","targetHints":{"allow":["GET"]}}],"collection":[{"href":"https:\/\/www.elpo.eu\/it\/wp-json\/wp\/v2\/pages"}],"about":[{"href":"https:\/\/www.elpo.eu\/it\/wp-json\/wp\/v2\/types\/page"}],"author":[{"embeddable":true,"href":"https:\/\/www.elpo.eu\/it\/wp-json\/wp\/v2\/users\/10"}],"replies":[{"embeddable":true,"href":"https:\/\/www.elpo.eu\/it\/wp-json\/wp\/v2\/comments?post=8572"}],"version-history":[{"count":5,"href":"https:\/\/www.elpo.eu\/it\/wp-json\/wp\/v2\/pages\/8572\/revisions"}],"predecessor-version":[{"id":9097,"href":"https:\/\/www.elpo.eu\/it\/wp-json\/wp\/v2\/pages\/8572\/revisions\/9097"}],"wp:attachment":[{"href":"https:\/\/www.elpo.eu\/it\/wp-json\/wp\/v2\/media?parent=8572"}],"curies":[{"name":"wp","href":"https:\/\/api.w.org\/{rel}","templated":true}]}}